{"id":2357,"date":"2023-04-18T13:47:31","date_gmt":"2023-04-18T11:47:31","guid":{"rendered":"https:\/\/a-k-g.pl\/?page_id=2357"},"modified":"2023-05-03T22:07:44","modified_gmt":"2023-05-03T20:07:44","slug":"polityka-prywatnosci","status":"publish","type":"page","link":"https:\/\/a-k-g.pl\/index.php\/polityka-prywatnosci\/","title":{"rendered":"Polityka prywatno\u015bci"},"content":{"rendered":"\n<h2 class=\"wp-block-heading has-text-align-center\">Polityka prywatno\u015bci<\/h2>\n\n\n\n<p>Dbamy o Twoj\u0105 prywatno\u015b\u0107. Zbieramy i przetwarzamy Twoje dane tylko i wy\u0142\u0105cznie, je\u017celi jest to konieczne do prawid\u0142owego \u015bwiadczenia us\u0142ugi.\nZgodnie z RODO, poni\u017cej przedstawiamy Ci zasady przetwarzania danych stosowane przez Administratora.<\/p>\n\n\n\n<h3 class=\"wp-block-heading\"> I. Kim jest Administrator danych?<\/h3>\n\n\n\n<p>Administratorem danych jest Anna Kalkandzis-Gutteridge prowadz\u0105ca dzia\u0142alno\u015b\u0107 pod nazw\u0105 Anna Kalkandzis-Gutteridge NIP:7262216408, Regon: 101459520, 93-649 \u0141\u00f3d\u017a, ul. Kolumny 472<\/p>\n\n\n\n<p>Mo\u017cesz skontaktowa\u0107 si\u0119 ze mn\u0105, pisz\u0105c na adres e-mail:<\/p>\n\n\n\n<p><strong>anna.kalkandzis-gutteridge@a-k-g.pl<\/strong> lub telefonicznie pod numerem 604206208<\/p>\n\n\n\n<h3 class=\"wp-block-heading\">II. W jakim celu zbieramy Twoje dane? Jak d\u0142ugo je przetwarzamy?<\/h3>\n\n\n\n<p>Mo\u017cemy przetwarza\u0107 Twoje dane w nast\u0119puj\u0105cych celach:<\/p>\n\n\n\n<ol>\n<li><strong>Komunikacji z Tob\u0105, w tym udzielania odpowiedzi na pytania przekazane przez <\/strong><strong>formularz kontaktowy, wiadomo\u015b\u0107 e-mail, w ramach prowadzonych spotka\u0144 on-line itp.<\/strong><\/li>\n<\/ol>\n\n\n\n<p><br>Dane b\u0119d\u0105 przetwarzane w oparciu o uzasadniony interes Administratora w postaci komunikacji z U\u017cytkownikami Strony (art. 6 ust. 1 lit. f RODO). Twoje dane b\u0119d\u0105 przetwarzane nie d\u0142u\u017cej ni\u017c do czasu wniesienia przez Ciebie sprzeciwu lub ustania celu biznesowego. Podanie tych danych jest dobrowolne, ale niezb\u0119dne do komunikacji z Tob\u0105. Dane mog\u0105 by\u0107 tak\u017ce przetwarzane w celu archiwizacji do cel\u00f3w wewn\u0119trznych w oparciu o uzasadniony interes Administratora (art. 6 ust. 1 lit. f RODO) do czasu wniesienia sprzeciwu lub ustania celu biznesowego.<\/p>\n\n\n\n<ol start=\"2\">\n<li><strong>Zawarcia umowy i jej realizacji (z\u0142o\u017cenia zam\u00f3wienia)<\/strong><strong>.<\/strong><\/li>\n\n\n\n<li><strong>Ustalenia, obrony i dochodzenia roszcze\u0144<\/strong><\/li>\n\n\n\n<li><strong>Realizacji obowi\u0105zk\u00f3w prawnych ci\u0105\u017c\u0105cych na Administratorze (m.in. obowi\u0105zk\u00f3w podatkowych i archiwizacyjnych).<br><\/strong><br><strong>Dane niezb\u0119dne do zawarcia i realizacji umowy<\/strong> b\u0119d\u0105 przetwarzane przez czas realizacji umowy, w tym przez czas realizacji uprawnie\u0144 wynikaj\u0105cych z umowy, jak np. prawo do reklamacji z tytu\u0142u r\u0119kojmi (art. 6 ust. 1 lit. b i f RODO). Podanie tych danych jest dobrowolne, ale niezb\u0119dne do zawarcia i realizacji umowy.<\/li>\n<\/ol>\n\n\n\n<p><strong>Dane dodatkowe podane w celu m.in. usprawnienia realizacji umowy <\/strong>b\u0119d\u0105 przetwarzane nie d\u0142u\u017cej ni\u017c do czasu wniesienia przez Ciebie sprzeciwu lub ustania celu biznesowego w oparciu o uzasadniony interes w postaci obs\u0142ugi Klient\u00f3w (art. 6 ust. 1 lit. f RODO).<\/p>\n\n\n\n<p>Po tym okresie, <strong>dane b\u0119d\u0105 <\/strong><strong>przetwarzane <\/strong><strong>przez okres przedawnienia roszcze\u0144<\/strong> w oparciu o uzasadniony interes Administratora w celu obrony przed roszczeniami, a tak\u017ce w celu ustalenia i dochodzenia roszcze\u0144 (art. 6 ust. 1 lit. f RODO).<\/p>\n\n\n\n<p>W przypadku gdy <strong>dane s\u0105 niezb\u0119dne do realizacji obowi\u0105zk\u00f3w prawnych ci\u0105\u017c\u0105cych na Administratorze<\/strong> (jak np. wystawianie i przechowywanie faktur) \u2013 dane b\u0119d\u0105 przetwarzane w tym celu nie d\u0142u\u017cej ni\u017c przez 6 lat (obowi\u0105zki archiwizacyjne dot. dokument\u00f3w ksi\u0119gowych), chyba \u017ce przepisy prawa wymagaj\u0105 d\u0142u\u017cszego okresu (art. 6 ust. 1 lit. c RODO).<\/p>\n\n\n\n<p>Dane mog\u0105 by\u0107 tak\u017ce archiwizowane do cel\u00f3w wewn\u0119trznych i statystycznych do czasu wniesienia przez Ciebie sprzeciwu lub ustania celu biznesowego w oparciu o uzasadniony interes Administratora (art. 6 ust. 1 lit. f RODO).<\/p>\n\n\n\n<ol start=\"5\">\n<li><strong>Wysy\u0142ki informacji marketingowych (m.in. wysy\u0142ki newslettera oraz innych informacji o us\u0142ugach, produktach, promocjach, darmowych tre\u015bciach).<\/strong><\/li>\n<\/ol>\n\n\n\n<p><br>Dane b\u0119d\u0105 przetwarzane w oparciu o uzasadniony interes Administratora w celu marketingu produkt\u00f3w i us\u0142ug Administratora (art. 6 ust. 1 lit. f RODO). Twoje dane b\u0119d\u0105 przetwarzane nie d\u0142u\u017cej ni\u017c do czasu wniesienia przez Ciebie sprzeciwu lub ustania celu biznesowego \u2013 w zale\u017cno\u015bci od tego, co nast\u0105pi wcze\u015bniej. Podanie danych jest dobrowolne, jednak niezb\u0119dne do otrzymywania newslettera.<br><br>Do cel\u00f3w komunikacji handlowej potrzebuj\u0119 Twojej zgody zgodnie z art. 10 ustawy o \u015bwiadczeniu us\u0142ug drog\u0105 elektroniczn\u0105. Mo\u017cesz j\u0105 w ka\u017cdej chwili wycofa\u0107, klikaj\u0105c link w stopce maila lub pisz\u0105c do mnie na adres podany wy\u017cej<strong>.<\/strong><\/p>\n\n\n\n<ol start=\"6\">\n<li><strong>Administrowania i zarz\u0105dzania stron\u0105 i grupami na platformach spo\u0142eczno\u015bciowych (m.in. Meta, Instagram) <\/strong><strong>w przypadku przetwarzania danych na platformach spo\u0142eczno\u015bciowych, w tym <\/strong><strong>komunikacji z Tob\u0105, kierowania do Ciebie tre\u015bci marketingowych<\/strong><strong>.<\/strong><\/li>\n<\/ol>\n\n\n\n<p>Dane te b\u0119d\u0105 przetwarzane wy\u0142\u0105cznie wtedy, gdy zdecydujesz si\u0119 na polubienie strony \/ do\u0142\u0105czenie do grupy \/ wybranie opcji \u201eObserwuj\u201d lub w inny spos\u00f3b zostawisz swoje dane na platformie zarz\u0105dzanej przeze mnie, np. w formie umieszczenia wpisu lub komentarza. Dane b\u0119d\u0105 przetwarzane przez okres istnienia strony\/grupy lub do czasu wniesienia przez Ciebie sprzeciwu, co mo\u017ce nast\u0105pi\u0107 poprzez odklikni\u0119cie opcji \u201eLubi\u0119 to\u201d, \u201eObserwuj\u201d, usuni\u0119cie komentarza\/wpisu lub w inny spos\u00f3b przewidziany w ramach platformy\/strony lub poprzez skontaktowanie si\u0119 ze mn\u0105.<\/p>\n\n\n\n<p>Informuj\u0119, \u017ce zasady odnosz\u0105ce si\u0119 do strony\/fanpage\u2019a\/grupy ustala Administrator, natomiast zasady korzystania z portalu spo\u0142eczno\u015bciowego, na kt\u00f3rym umieszczona jest strona\/fanpage\/grupa ustala podmiot zarz\u0105dzaj\u0105cy tymi portalami.<\/p>\n\n\n\n<ol start=\"7\">\n<li><strong>Odzyskiwania odrzuconych koszyk\u00f3w.<\/strong><\/li>\n<\/ol>\n\n\n\n<p>W sytuacji gdy nie uko\u0144czysz sk\u0142adania zam\u00f3wienia, otrzymasz przypomnienie o rozpocz\u0119tym, ale niesfinalizowanym zam\u00f3wieniu. Dane przetwarzane b\u0119d\u0105 w oparciu o uzasadniony interes Administratora w postaci obs\u0142ugi potencjalnych Klient\u00f3w i Klient\u00f3w. Dane te b\u0119d\u0105 przetwarzane przez czas niezb\u0119dny do realizacji cel\u00f3w biznesowych lub wniesienia sprzeciwu.<\/p>\n\n\n\n<ol start=\"8\">\n<li><strong>Zamieszczania komentarzy<\/strong>.<\/li>\n<\/ol>\n\n\n\n<p><br>W stosunku do danych widocznych na naszej Stronie przy zamieszczonym komentarzu, dane te s\u0105 przetwarzane przez nas w celu administrowania Stron\u0105 i jej obs\u0142ugi oraz komunikacji z Tob\u0105 w oparciu o uzasadniony interes Administratora (art. 6 ust. 1 lit. f) przez czas niezb\u0119dny do realizacji cel\u00f3w biznesowych lub wniesienia sprzeciwu.<\/p>\n\n\n\n<ol start=\"9\">\n<li><strong>Zbierania danych wra\u017cliwych.<\/strong><\/li>\n<\/ol>\n\n\n\n<p>Dane wra\u017cliwe s\u0105 zbierane w celu realizacji umowy i jej prawid\u0142owego wykonywania w oparciu o Twoj\u0105 \u015bwiadom\u0105 i dobrowoln\u0105 zgod\u0119 (art. 9 ust. 2 lit. a RODO) \u2013 do czasu ustania celu biznesowego lub cofni\u0119cia zgody. Podanie danych jest dobrowolne, ale jest niezb\u0119dne do prawid\u0142owej realizacji umowy.<\/p>\n\n\n\n<h3 class=\"wp-block-heading\">III. Komu mo\u017cemy przekaza\u0107 Twoje dane?<\/h3>\n\n\n\n<p>Przekazujemy Twoje dane innym podmiotom tylko wtedy, gdy jest to niezb\u0119dne do realizacji cel\u00f3w przetwarzania, o kt\u00f3rych mowa w punkcie II.<\/p>\n\n\n\n<p>W razie potrzeby Twoje dane mog\u0105 by\u0107 przekazane podmiotom, z kt\u00f3rymi wsp\u00f3\u0142pracujemy przy realizacji ww. cel\u00f3w: firmie hostingowej, firmie \u015bwiadcz\u0105cej us\u0142ugi rachunkowo-ksi\u0119gowe, firmie udost\u0119pniaj\u0105cej program do faktur, firmie \u015bwiadcz\u0105cej us\u0142ugi newslettera, firmie \u015bwiadcz\u0105cej us\u0142ugi chmurowe, podwykonawcom, prawnikom, kurierom lub operatorom pocztowym, platformie szkoleniowej, platformie do obs\u0142ugi klient\u00f3w, innym podmiotom wspieraj\u0105cym nas w realizacji cel\u00f3w przetwarzania<\/p>\n\n\n\n<p>Co do zasady dane nie b\u0119d\u0105 przekazywane poza obszar EOG. W sytuacji gdy jednak b\u0119d\u0105 przekazane poza EOG, nast\u0105pi to w oparciu o Twoj\u0105 zgod\u0119, standardowe klauzule umowne lub w oparciu o inne zabezpieczenia przewidziane w RODO po spe\u0142nieniu m.in. obowi\u0105zku informacyjnego.<\/p>\n\n\n\n<p>Twoje dane mog\u0105 by\u0107 przekazane:<\/p>\n\n\n\n<ol>\n<li>The Rocket Science Group LLC, 675 Ponce de Leon Ave NE, Suite 5000, Atlanta, GA 30308, USA<\/li>\n\n\n\n<li>Google LLC, 1600 Amphitheatre Parkway, Mountain View, CA 94043, USA<\/li>\n\n\n\n<li>Zoom Video Communications, 55 Almaden Boulevard, 6<sup>th<\/sup> floor San Hose CA 95113, USA<\/li>\n\n\n\n<li>Automattic INC 60 29<sup>th<\/sup> Street #343 San Francisco, CA 94110, USA<\/li>\n\n\n\n<li>Dropbox International Unlimited Company One Park Place Floor 5 Upper Hatch Street, Dublin,<\/li>\n\n\n\n<li>WeTransfer B.V. Willem Fenengastraat 19 Amsterdam, NH 1096 BL Netherlands<\/li>\n\n\n\n<li>Calendly LLC, 271 17th St NW, Ste 1000, Atlanta, Georgia, 30363, USA<\/li>\n<\/ol>\n\n\n\n<h3 class=\"wp-block-heading\">IV. Jakie prawa Ci przys\u0142uguj\u0105?<\/h3>\n\n\n\n<p>W zwi\u0105zku z RODO przys\u0142uguje Ci prawo:<\/p>\n\n\n\n<ul>\n<li>dost\u0119pu do swoich danych osobowych,<\/li>\n\n\n\n<li>sprostowania danych osobowych,<\/li>\n\n\n\n<li>usuni\u0119cia danych osobowych,<\/li>\n\n\n\n<li>ograniczenia przetwarzania danych osobowych,<\/li>\n\n\n\n<li>sprzeciwu wobec przetwarzania danych osobowych,<\/li>\n\n\n\n<li>przenoszenia danych osobowych,<\/li>\n\n\n\n<li>cofni\u0119cia zgody; wycofanie zgody nie wp\u0142ywa na zgodno\u015b\u0107 z prawem przetwarzania dokonanego przed jej cofni\u0119ciem.<\/li>\n<\/ul>\n\n\n\n<p><br>Je\u017celi uwa\u017casz, \u017ce Twoje dane osobowe s\u0105 przetwarzane niezgodnie z obowi\u0105zuj\u0105cym prawem, przys\u0142uguje Ci skarga do Prezesa Urz\u0119du Ochrony Danych Osobowych. W takim przypadku zach\u0119cam jednak do wcze\u015bniejszego kontaktu ze mn\u0105 celem wyja\u015bnienia swoich w\u0105tpliwo\u015bci.<\/p>\n\n\n\n<h3 class=\"wp-block-heading\">V. Przepisy prawa obowi\u0105zuj\u0105ce w zakresie danych osobowych<\/h3>\n\n\n\n<p><br>W&nbsp;sprawach nieuregulowanych stosuje si\u0119 w\u0142a\u015bciwe przepisy prawa, w tym prawa europejskiego, w szczeg\u00f3lno\u015bci RODO.<\/p>\n\n\n\n<h3 class=\"wp-block-heading\">VI. Polityka plik\u00f3w cookies<\/h3>\n\n\n\n<p>Administrator stosuje technologie obserwuj\u0105ce dzia\u0142ania podejmowane przez U\u017cytkownika w ramach Strony:<\/p>\n\n\n\n<ol type=\"a\">\n<li>piksel konwersji Facebooka (Meta) \u2013 w celu zarz\u0105dzania reklamami na Meta i prowadzenia dzia\u0142a\u0144 remarketingowych;<\/li>\n\n\n\n<li>kod Google Analytics \u2013 w celu analizy statystyk Strony. Google Analytics korzysta z w\u0142asnych plik\u00f3w cookies do analizowania dzia\u0142a\u0144 i zachowa\u0144 U\u017cytkownik\u00f3w Strony. Pliki te s\u0142u\u017c\u0105 do przechowywania informacji, np. z jakiej strony U\u017cytkownik trafi\u0142 na bie\u017c\u0105c\u0105 stron\u0119 internetow\u0105. Pomagaj\u0105 udoskonali\u0107 Stron\u0119;<\/li>\n\n\n\n<li>Google LLC;<\/li>\n<\/ol>\n\n\n\n<p>Strona nie zbiera w spos\u00f3b automatyczny \u017cadnych informacji, z wyj\u0105tkiem informacji zawartych w plikach cookies.<\/p>\n\n\n\n<p>Pliki cookies (tzw. \u201eciasteczka\u201d) stanowi\u0105 dane informatyczne, w szczeg\u00f3lno\u015bci pliki tekstowe, kt\u00f3re przechowywane s\u0105 w urz\u0105dzeniu ko\u0144cowym U\u017cytkownika Strony i przeznaczone s\u0105 do korzystania ze Strony. Cookies zazwyczaj zawieraj\u0105 nazw\u0119 strony internetowej, z kt\u00f3rej pochodz\u0105, czas przechowywania ich na urz\u0105dzeniu ko\u0144cowym oraz unikalny numer.<\/p>\n\n\n\n<p>Pliki cookies wykorzystywane s\u0105 w celu dostosowania zawarto\u015bci Strony do preferencji U\u017cytkownika oraz optymalizacji korzystania ze Strony; tworzenia statystyk, kt\u00f3re pomagaj\u0105 zrozumie\u0107, w jaki spos\u00f3b U\u017cytkownicy korzystaj\u0105 ze Strony, co umo\u017cliwia ulepszanie jej struktury i zawarto\u015bci.<\/p>\n\n\n\n<p>Mo\u017cesz dokona\u0107 samodzielnie zmian w ustawieniach dotycz\u0105cych plik\u00f3w cookies. W wielu przypadkach przegl\u0105darka internetowa domy\u015blnie dopuszcza przechowywanie plik\u00f3w cookies w urz\u0105dzeniu ko\u0144cowym U\u017cytkownika. Szczeg\u00f3\u0142owe informacje o mo\u017cliwo\u015bci i sposobach obs\u0142ugi plik\u00f3w cookies dost\u0119pne s\u0105 w ustawieniach oprogramowania (przegl\u0105darki internetowej).<\/p>\n\n\n\n<p>Brak wyra\u017cenia zgody na pliki cookies mo\u017ce ogranicza\u0107 dzia\u0142anie niekt\u00f3rych funkcjonalno\u015bci na Stronie.<\/p>\n\n\n\n<h3 class=\"wp-block-heading\">VII. Wtyczki spo\u0142eczno\u015bciowe<\/h3>\n\n\n\n<p><br>Na Stronie u\u017cywane s\u0105 wtyczki i inne narz\u0119dzia spo\u0142eczno\u015bciowe udost\u0119pniane przez portale takie jak: LinkedIn, Instagram, Facebook (Meta). Zasady dotycz\u0105ce przetwarzania danych osobowych opisane s\u0105 bezpo\u015brednio na stronach us\u0142ugodawc\u00f3w tych portali spo\u0142eczno\u015bciowych.<\/p>\n\n\n\n<h3 class=\"wp-block-heading\">VIII. Wsp\u00f3\u0142administrowanie<\/h3>\n\n\n\n<p> Administratorem danych przetwarzanych na potrzeby statystyk zbieranych w ramach platformy Facebook (Meta) jest Anna Kalkandzis-Gutteridge prowadz\u0105ca dzia\u0142alno\u015b\u0107 pod nazw\u0105 Anna Kalkandzis-Gutteridge NIP:7262216408, Regon: 101459520, adres: 93-649 \u0141\u00f3d\u017a, ul. Kolumny 472 zwana dalej Administratorem oraz Meta Platforms Ireland Limited, z siedzib\u0105 pod adresem 4 Grand Canal Square, Grand Canal Harbour, Dublin 2, Irlandia, zwana dalej Wsp\u00f3\u0142administratorem. Dane te s\u0105 przetwarzane w oparciu o wsp\u00f3\u0142administrowanie przez ww. podmioty. Szczeg\u00f3\u0142owe zasady dotycz\u0105ce wsp\u00f3\u0142administrowania danymi, w tym informacje o przys\u0142uguj\u0105cym prawach, opisane zosta\u0142y na stronie:<\/p>\n\n\n\n<p><a href=\"https:\/\/www.facebook.com\/legal\/terms\/page_controller_addendum?hc_location=ufi\">https:\/\/www.facebook.com\/legal\/terms\/page_controller_addendum?hc_location=ufi<\/a><\/p>\n\n\n\n<p>Administrator przetwarza dane w oparciu o uzasadniony interes Administratora polegaj\u0105cy na prowadzeniu analiz aktywno\u015bci U\u017cytkownik\u00f3w, a tak\u017ce ich preferencji, w celu poprawy stosowanych funkcjonalno\u015bci i \u015bwiadczonych us\u0142ug. W sprawach dotycz\u0105cych danych osobowych mo\u017cna kontaktowa\u0107 si\u0119 zar\u00f3wno z Administratorem, jak i Wsp\u00f3\u0142administratorem.<\/p>\n\n\n\n\n\n\n\n<p><a href=\"https:\/\/a-k-g.pl\/\">Kliknij tutaj aby powr\u00f3ci\u0107 do  strony g\u0142\u00f3wnej.<\/a><\/p>\n","protected":false},"excerpt":{"rendered":"<p>Polityka prywatno\u015bci Dbamy o Twoj\u0105 prywatno\u015b\u0107. Zbieramy i przetwarzamy Twoje dane tylko i wy\u0142\u0105cznie, je\u017celi jest to konieczne do prawid\u0142owego \u015bwiadczenia us\u0142ugi. Zgodnie z RODO, poni\u017cej przedstawiamy Ci zasady przetwarzania danych stosowane przez Administratora. I. Kim jest Administrator danych? Administratorem danych jest Anna Kalkandzis-Gutteridge prowadz\u0105ca dzia\u0142alno\u015b\u0107 pod nazw\u0105 Anna Kalkandzis-Gutteridge &#8230;<\/p>\n","protected":false},"author":1,"featured_media":0,"parent":0,"menu_order":0,"comment_status":"closed","ping_status":"closed","template":"","meta":{"loftocean_post_format_gallery":"","loftocean_post_format_gallery_ids":"","loftocean_post_format_gallery_urls":"","loftocean_post_format_video_id":"","loftocean_post_format_video_url":"","loftocean_post_format_video_type":"","loftocean_post_format_video":"","loftocean_post_format_audio_type":"","loftocean_post_format_audio_url":"","loftocean_post_format_audio_id":"","loftocean_post_format_audio":"","loftocean-featured-post":"","loftocean-like-count":0,"loftocean-view-count":0,"loftocean-enable-content-navigation":"","loftocean-content-navigation-position":"","loftocean-content-navigation-heading":"","loftocean-content-navigation-label":"","loftocean-content-navigation-icon":"","loftocean-map-location":"","loftocean-map-latlng":"","loftocean-map-auto-latlng":"","eaven_single_post_hide_thumbnail":"","eaven_single_post_template":"","eaven_single_post_sidebar":"","eaven_hide_before_page_content_ad":"","eaven_hide_after_page_content_ad":""},"yoast_head":"<!-- This site is optimized with the Yoast SEO plugin v20.13 - https:\/\/yoast.com\/wordpress\/plugins\/seo\/ -->\n<title>Polityka prywatno\u015bci - Anna Kalkandzis-Gutteridge<\/title>\n<meta name=\"description\" content=\"Polityka prywatno\u015bci. Polityka plik\u00f3w cookie. RODO. Opis zasad przetwarzania danych stosowanych przez Administratora strony a-k-g.pl\" \/>\n<meta name=\"robots\" content=\"index, follow, max-snippet:-1, max-image-preview:large, max-video-preview:-1\" \/>\n<link rel=\"canonical\" href=\"https:\/\/a-k-g.pl\/index.php\/polityka-prywatnosci\/\" \/>\n<meta property=\"og:locale\" content=\"pl_PL\" \/>\n<meta property=\"og:type\" content=\"article\" \/>\n<meta property=\"og:title\" content=\"Polityka prywatno\u015bci - Anna Kalkandzis-Gutteridge\" \/>\n<meta property=\"og:description\" content=\"Polityka prywatno\u015bci. Polityka plik\u00f3w cookie. RODO. Opis zasad przetwarzania danych stosowanych przez Administratora strony a-k-g.pl\" \/>\n<meta property=\"og:url\" content=\"https:\/\/a-k-g.pl\/index.php\/polityka-prywatnosci\/\" \/>\n<meta property=\"og:site_name\" content=\"Anna Kalkandzis-Gutteridge\" \/>\n<meta property=\"article:modified_time\" content=\"2023-05-03T20:07:44+00:00\" \/>\n<meta name=\"twitter:card\" content=\"summary_large_image\" \/>\n<meta name=\"twitter:label1\" content=\"Szacowany czas czytania\" \/>\n\t<meta name=\"twitter:data1\" content=\"10 minut\" \/>\n<script type=\"application\/ld+json\" class=\"yoast-schema-graph\">{\"@context\":\"https:\/\/schema.org\",\"@graph\":[{\"@type\":\"WebPage\",\"@id\":\"https:\/\/a-k-g.pl\/index.php\/polityka-prywatnosci\/\",\"url\":\"https:\/\/a-k-g.pl\/index.php\/polityka-prywatnosci\/\",\"name\":\"Polityka prywatno\u015bci - Anna Kalkandzis-Gutteridge\",\"isPartOf\":{\"@id\":\"https:\/\/a-k-g.pl\/#website\"},\"datePublished\":\"2023-04-18T11:47:31+00:00\",\"dateModified\":\"2023-05-03T20:07:44+00:00\",\"description\":\"Polityka prywatno\u015bci. Polityka plik\u00f3w cookie. RODO. Opis zasad przetwarzania danych stosowanych przez Administratora strony a-k-g.pl\",\"breadcrumb\":{\"@id\":\"https:\/\/a-k-g.pl\/index.php\/polityka-prywatnosci\/#breadcrumb\"},\"inLanguage\":\"pl-PL\",\"potentialAction\":[{\"@type\":\"ReadAction\",\"target\":[\"https:\/\/a-k-g.pl\/index.php\/polityka-prywatnosci\/\"]}]},{\"@type\":\"BreadcrumbList\",\"@id\":\"https:\/\/a-k-g.pl\/index.php\/polityka-prywatnosci\/#breadcrumb\",\"itemListElement\":[{\"@type\":\"ListItem\",\"position\":1,\"name\":\"Home\",\"item\":\"https:\/\/a-k-g.pl\/\"},{\"@type\":\"ListItem\",\"position\":2,\"name\":\"Polityka prywatno\u015bci\"}]},{\"@type\":\"WebSite\",\"@id\":\"https:\/\/a-k-g.pl\/#website\",\"url\":\"https:\/\/a-k-g.pl\/\",\"name\":\"Anna Kalkandzis-Gutteridge\",\"description\":\"Neurolanguage Coach&reg;\",\"publisher\":{\"@id\":\"https:\/\/a-k-g.pl\/#organization\"},\"potentialAction\":[{\"@type\":\"SearchAction\",\"target\":{\"@type\":\"EntryPoint\",\"urlTemplate\":\"https:\/\/a-k-g.pl\/?s={search_term_string}\"},\"query-input\":\"required name=search_term_string\"}],\"inLanguage\":\"pl-PL\"},{\"@type\":\"Organization\",\"@id\":\"https:\/\/a-k-g.pl\/#organization\",\"name\":\"Anna Kalkandzis-Gutteridge\",\"url\":\"https:\/\/a-k-g.pl\/\",\"logo\":{\"@type\":\"ImageObject\",\"inLanguage\":\"pl-PL\",\"@id\":\"https:\/\/a-k-g.pl\/#\/schema\/logo\/image\/\",\"url\":\"https:\/\/i0.wp.com\/a-k-g.pl\/wp-content\/uploads\/2020\/09\/AKG-gold_logotype-www_neurolanguage.png?fit=1870%2C365&ssl=1\",\"contentUrl\":\"https:\/\/i0.wp.com\/a-k-g.pl\/wp-content\/uploads\/2020\/09\/AKG-gold_logotype-www_neurolanguage.png?fit=1870%2C365&ssl=1\",\"width\":1870,\"height\":365,\"caption\":\"Anna Kalkandzis-Gutteridge\"},\"image\":{\"@id\":\"https:\/\/a-k-g.pl\/#\/schema\/logo\/image\/\"}}]}<\/script>\n<!-- \/ Yoast SEO plugin. -->","yoast_head_json":{"title":"Polityka prywatno\u015bci - Anna Kalkandzis-Gutteridge","description":"Polityka prywatno\u015bci. Polityka plik\u00f3w cookie. RODO. Opis zasad przetwarzania danych stosowanych przez Administratora strony a-k-g.pl","robots":{"index":"index","follow":"follow","max-snippet":"max-snippet:-1","max-image-preview":"max-image-preview:large","max-video-preview":"max-video-preview:-1"},"canonical":"https:\/\/a-k-g.pl\/index.php\/polityka-prywatnosci\/","og_locale":"pl_PL","og_type":"article","og_title":"Polityka prywatno\u015bci - Anna Kalkandzis-Gutteridge","og_description":"Polityka prywatno\u015bci. Polityka plik\u00f3w cookie. RODO. Opis zasad przetwarzania danych stosowanych przez Administratora strony a-k-g.pl","og_url":"https:\/\/a-k-g.pl\/index.php\/polityka-prywatnosci\/","og_site_name":"Anna Kalkandzis-Gutteridge","article_modified_time":"2023-05-03T20:07:44+00:00","twitter_card":"summary_large_image","twitter_misc":{"Szacowany czas czytania":"10 minut"},"schema":{"@context":"https:\/\/schema.org","@graph":[{"@type":"WebPage","@id":"https:\/\/a-k-g.pl\/index.php\/polityka-prywatnosci\/","url":"https:\/\/a-k-g.pl\/index.php\/polityka-prywatnosci\/","name":"Polityka prywatno\u015bci - Anna Kalkandzis-Gutteridge","isPartOf":{"@id":"https:\/\/a-k-g.pl\/#website"},"datePublished":"2023-04-18T11:47:31+00:00","dateModified":"2023-05-03T20:07:44+00:00","description":"Polityka prywatno\u015bci. Polityka plik\u00f3w cookie. RODO. Opis zasad przetwarzania danych stosowanych przez Administratora strony a-k-g.pl","breadcrumb":{"@id":"https:\/\/a-k-g.pl\/index.php\/polityka-prywatnosci\/#breadcrumb"},"inLanguage":"pl-PL","potentialAction":[{"@type":"ReadAction","target":["https:\/\/a-k-g.pl\/index.php\/polityka-prywatnosci\/"]}]},{"@type":"BreadcrumbList","@id":"https:\/\/a-k-g.pl\/index.php\/polityka-prywatnosci\/#breadcrumb","itemListElement":[{"@type":"ListItem","position":1,"name":"Home","item":"https:\/\/a-k-g.pl\/"},{"@type":"ListItem","position":2,"name":"Polityka prywatno\u015bci"}]},{"@type":"WebSite","@id":"https:\/\/a-k-g.pl\/#website","url":"https:\/\/a-k-g.pl\/","name":"Anna Kalkandzis-Gutteridge","description":"Neurolanguage Coach&reg;","publisher":{"@id":"https:\/\/a-k-g.pl\/#organization"},"potentialAction":[{"@type":"SearchAction","target":{"@type":"EntryPoint","urlTemplate":"https:\/\/a-k-g.pl\/?s={search_term_string}"},"query-input":"required name=search_term_string"}],"inLanguage":"pl-PL"},{"@type":"Organization","@id":"https:\/\/a-k-g.pl\/#organization","name":"Anna Kalkandzis-Gutteridge","url":"https:\/\/a-k-g.pl\/","logo":{"@type":"ImageObject","inLanguage":"pl-PL","@id":"https:\/\/a-k-g.pl\/#\/schema\/logo\/image\/","url":"https:\/\/i0.wp.com\/a-k-g.pl\/wp-content\/uploads\/2020\/09\/AKG-gold_logotype-www_neurolanguage.png?fit=1870%2C365&ssl=1","contentUrl":"https:\/\/i0.wp.com\/a-k-g.pl\/wp-content\/uploads\/2020\/09\/AKG-gold_logotype-www_neurolanguage.png?fit=1870%2C365&ssl=1","width":1870,"height":365,"caption":"Anna Kalkandzis-Gutteridge"},"image":{"@id":"https:\/\/a-k-g.pl\/#\/schema\/logo\/image\/"}}]}},"_links":{"self":[{"href":"https:\/\/a-k-g.pl\/index.php\/wp-json\/wp\/v2\/pages\/2357"}],"collection":[{"href":"https:\/\/a-k-g.pl\/index.php\/wp-json\/wp\/v2\/pages"}],"about":[{"href":"https:\/\/a-k-g.pl\/index.php\/wp-json\/wp\/v2\/types\/page"}],"author":[{"embeddable":true,"href":"https:\/\/a-k-g.pl\/index.php\/wp-json\/wp\/v2\/users\/1"}],"replies":[{"embeddable":true,"href":"https:\/\/a-k-g.pl\/index.php\/wp-json\/wp\/v2\/comments?post=2357"}],"version-history":[{"count":11,"href":"https:\/\/a-k-g.pl\/index.php\/wp-json\/wp\/v2\/pages\/2357\/revisions"}],"predecessor-version":[{"id":2450,"href":"https:\/\/a-k-g.pl\/index.php\/wp-json\/wp\/v2\/pages\/2357\/revisions\/2450"}],"wp:attachment":[{"href":"https:\/\/a-k-g.pl\/index.php\/wp-json\/wp\/v2\/media?parent=2357"}],"curies":[{"name":"wp","href":"https:\/\/api.w.org\/{rel}","templated":true}]}}