{"id":1716,"date":"2020-10-21T21:49:03","date_gmt":"2020-10-21T19:49:03","guid":{"rendered":"https:\/\/a-k-g.pl\/?page_id=1716"},"modified":"2025-08-05T22:07:02","modified_gmt":"2025-08-05T20:07:02","slug":"oferta","status":"publish","type":"page","link":"https:\/\/a-k-g.pl\/index.php\/oferta\/","title":{"rendered":"Oferta"},"content":{"rendered":"\n<p class=\"dropcap dropcap-colorful\">Je\u015bli chcesz rozpocz\u0105\u0107 przygod\u0119 z angielskim lub polskim ze mn\u0105 w roli Twojego coacha neuroj\u0119zykowego\u00ae, to poni\u017cej przedstawiam moj\u0105 ofert\u0119 sesji. Zanim do niej przejdziesz, pozw\u00f3l, \u017ce przypomn\u0119 Ci jeszcze w skr\u00f3cie najwa\u017cniejsze za\u0142o\u017cenia naszej wsp\u00f3\u0142pracy:<\/p>\n\n\n\n<ul><li>Coaching neuroj\u0119zykowy\u00ae jest metod\u0105, w kt\u00f3rej kursanci szybko osi\u0105gaj\u0105 rezultaty, ale nie jest drog\u0105 na skr\u00f3ty. To, \u017ce jest przyjazny dla m\u00f3zgu, nie oznacza, \u017ce nie trzeba wk\u0142ada\u0107 wysi\u0142ku z nauk\u0119. Tak samo, jak w przypadku zdobywania ka\u017cdej innej umiej\u0119tno\u015bci, czy to jazdy samochodem, czy rze\u017abienia sylwetki na si\u0142owni, tak i tu potrzebne jest Twoje zaanga\u017cowanie, zorientowanie na cel, po\u015bwi\u0119cenie czasu i pracy. Bez tego wk\u0142adu z Twojej strony ja sama nic nie wsk\u00f3ram, a Ty b\u0119dziesz zawiedziony brakiem efekt\u00f3w. Je\u015bli wi\u0119c szukasz cudownej metody, w kt\u00f3rej wszystko robi si\u0119 samo, to przykro mi Ci\u0119 rozczarowa\u0107, ale nie jestem t\u0105 osob\u0105, kt\u00f3rej potrzebujesz. Je\u015bli natomiast zale\u017cy Ci na rzetelnym wsparciu Twojego rozwoju, relacji partnerskiej i wsp\u00f3lnym osi\u0105gni\u0119ciu cel\u00f3w, kt\u00f3re sobie stawiasz, to serdecznie Ci\u0119 zapraszam do wsp\u00f3\u0142pracy.<\/li><li>Poni\u017cej podane s\u0105 ceny za poszczeg\u00f3lne sesje. Warto jednak wspomnie\u0107, \u017ce w ich sk\u0142ad nie wchodzi jedynie 60 minut mojej pracy z Tob\u0105 podczas sesji, ale r\u00f3wnie\u017c wsparcie, jakie oferuj\u0119 Ci pomi\u0119dzy sesjami, sta\u0142y kontakt, pomoc w nag\u0142ych sytuacjach, przygotowywanie materia\u0142\u00f3w zgodnie z Twoimi indywidualnymi potrzebami, kt\u00f3re mi sygnalizujesz oraz wiele innych rzeczy, kt\u00f3re sprawiaj\u0105, \u017ce pomi\u0119dzy sesjami r\u00f3wnie\u017c nie czujesz si\u0119 pozostawiony sam sobie.<\/li><li>Sesje odbywaj\u0105 si\u0119 w sta\u0142ych, ustalonych wsp\u00f3lnie terminach przynajmniej jeden raz w tygodniu, a ka\u017cde spotkanie trwa 60 minut. Mo\u017cesz ustali\u0107 tak\u0105 ilo\u015b\u0107 sesji tygodniowo, jaka Ci odpowiada. Om\u00f3wimy to dok\u0142adnie podczas pierwszego spotkania.<\/li><li>Mo\u017cesz wykupi\u0107 dowoln\u0105 ilo\u015b\u0107 sesji indywidualnych, w grupach umawiamy si\u0119 wsp\u00f3lnie na konkretn\u0105 ich ilo\u015b\u0107. Z sesji indywidualnych mo\u017cesz zrezygnowa\u0107 w dowolnym momencie z zachowaniem dwutygodniowego okresu wypowiedzenia. Z sesji grupowych mo\u017cesz zrezygnowa\u0107 po zrealizowaniu ustalonej przez grup\u0119 liczby sesji.<\/li><li>Je\u017celi poszukujesz oferty dla swojej organizacji, skontaktuj si\u0119 ze mn\u0105, prosz\u0119. Mo\u017cesz <a class=\"telefon_link\" href=&quot;tel:604-206-208&quot;\">zadzwoni\u0107<\/a>, wys\u0142a\u0107 <a class=\"email_link\" href=\"mailto:anna.kalkandzis-gutteridge@a-k-g.p\">maila<\/a> lub skorzysta\u0107 z <a class=\"formularz_kontaktowy\" href=\"https:\/\/a-k-g.pl\/index.php\/kontakt\/\">formularza kontaktowego<\/a>. Oferta dla firm komponowana jest indywidualnie w zale\u017cno\u015bci od wielu czynnik\u00f3w, takich jak ilo\u015b\u0107 i liczebno\u015b\u0107 grup, cz\u0119stotliwo\u015b\u0107 sesji, itp.<\/li><li>Zaj\u0119cia prowadzone s\u0105 online. Na \u017cyczenie kursant\u00f3w istnieje mo\u017cliwo\u015b\u0107 organizacji kurs\u00f3w stacjonarnych.<\/li><\/ul>\n\n\n\n\n\n\n\n<p>Sesja <strong>indywidualna <\/strong> &#8211; <strong>200 PLN brutto<\/strong><\/p>\n\n\n\n<p>Sesja dla <strong>dw\u00f3ch os\u00f3b<\/strong>  &#8211; <strong>120 PLN brutto od osoby<\/strong><\/p>\n\n\n\n<p>Sesja dla <strong>trzech os\u00f3b<\/strong>  &#8211; <strong>80 PLN brutto od osoby<\/strong><\/p>\n\n\n\n<p>Sesja dla <strong>czterech os\u00f3b<\/strong> &#8211; <strong>60 PLN brutto od osoby<\/strong><\/p>\n\n\n\n<p>Kurs indywidualny rozpoczyna si\u0119 po darmowym spotkaniu wst\u0119pnym i podpisaniu umowy.<\/p>\n\n\n\n<p>Kurs grupowy rozpoczyna si\u0119 po utworzeniu grupy kursant\u00f3w na tym samym poziomie oraz ze zbie\u017cnymi celami j\u0119zykowymi i podpisaniu umowy. W tym celu ka\u017cdy z potencjalnych kursant\u00f3w odbywa darmowe indywidualne spotkanie wst\u0119pne.<\/p>\n","protected":false},"excerpt":{"rendered":"<p>Coaching neuroj\u0119zykowy\u00ae jest metod\u0105, w kt\u00f3rej kursanci szybko osi\u0105gaj\u0105 rezultaty, ale nie jest drog\u0105 na skr\u00f3ty. To, \u017ce jest przyjazny dla m\u00f3zgu, nie oznacza, \u017ce nie trzeba wk\u0142ada\u0107 wysi\u0142ku z nauk\u0119. Tak samo, jak w przypadku zdobywania ka\u017cdej innej umiej\u0119tno\u015bci, czy to jazdy samochodem, czy rze\u017abienia sylwetki na si\u0142owni, tak &#8230;<\/p>\n","protected":false},"author":1,"featured_media":1792,"parent":0,"menu_order":0,"comment_status":"closed","ping_status":"closed","template":"template-no-sidebar.php","meta":{"loftocean_post_format_gallery":"","loftocean_post_format_gallery_ids":"","loftocean_post_format_gallery_urls":"","loftocean_post_format_video_id":"","loftocean_post_format_video_url":"","loftocean_post_format_video_type":"","loftocean_post_format_video":"","loftocean_post_format_audio_type":"","loftocean_post_format_audio_url":"","loftocean_post_format_audio_id":"","loftocean_post_format_audio":"","loftocean-featured-post":"","loftocean-like-count":0,"loftocean-view-count":0,"loftocean-enable-content-navigation":"","loftocean-content-navigation-position":"","loftocean-content-navigation-heading":"h3","loftocean-content-navigation-label":"","loftocean-content-navigation-icon":"","loftocean-map-location":"","loftocean-map-latlng":"","loftocean-map-auto-latlng":"","eaven_single_post_hide_thumbnail":"","eaven_single_post_template":"","eaven_single_post_sidebar":"","eaven_hide_before_page_content_ad":"","eaven_hide_after_page_content_ad":""},"yoast_head":"<!-- This site is optimized with the Yoast SEO plugin v20.13 - https:\/\/yoast.com\/wordpress\/plugins\/seo\/ -->\n<title>Oferta - Anna Kalkandzis-Gutteridge<\/title>\n<meta name=\"robots\" content=\"index, follow, max-snippet:-1, max-image-preview:large, max-video-preview:-1\" \/>\n<link rel=\"canonical\" href=\"https:\/\/a-k-g.pl\/index.php\/oferta\/\" \/>\n<meta property=\"og:locale\" content=\"pl_PL\" \/>\n<meta property=\"og:type\" content=\"article\" \/>\n<meta property=\"og:title\" content=\"Oferta - Anna Kalkandzis-Gutteridge\" \/>\n<meta property=\"og:description\" content=\"Coaching neuroj\u0119zykowy\u00ae jest metod\u0105, w kt\u00f3rej kursanci szybko osi\u0105gaj\u0105 rezultaty, ale nie jest drog\u0105 na skr\u00f3ty. To, \u017ce jest przyjazny dla m\u00f3zgu, nie oznacza, \u017ce nie trzeba wk\u0142ada\u0107 wysi\u0142ku z nauk\u0119. Tak samo, jak w przypadku zdobywania ka\u017cdej innej umiej\u0119tno\u015bci, czy to jazdy samochodem, czy rze\u017abienia sylwetki na si\u0142owni, tak ...\" \/>\n<meta property=\"og:url\" content=\"https:\/\/a-k-g.pl\/index.php\/oferta\/\" \/>\n<meta property=\"og:site_name\" content=\"Anna Kalkandzis-Gutteridge\" \/>\n<meta property=\"article:modified_time\" content=\"2025-08-05T20:07:02+00:00\" \/>\n<meta property=\"og:image\" content=\"https:\/\/a-k-g.pl\/wp-content\/uploads\/2020\/10\/oferta-scaled.jpg\" \/>\n\t<meta property=\"og:image:width\" content=\"1920\" \/>\n\t<meta property=\"og:image:height\" content=\"1280\" \/>\n\t<meta property=\"og:image:type\" content=\"image\/jpeg\" \/>\n<meta name=\"twitter:card\" content=\"summary_large_image\" \/>\n<meta name=\"twitter:label1\" content=\"Szacowany czas czytania\" \/>\n\t<meta name=\"twitter:data1\" content=\"3 minuty\" \/>\n<script type=\"application\/ld+json\" class=\"yoast-schema-graph\">{\"@context\":\"https:\/\/schema.org\",\"@graph\":[{\"@type\":\"WebPage\",\"@id\":\"https:\/\/a-k-g.pl\/index.php\/oferta\/\",\"url\":\"https:\/\/a-k-g.pl\/index.php\/oferta\/\",\"name\":\"Oferta - Anna Kalkandzis-Gutteridge\",\"isPartOf\":{\"@id\":\"https:\/\/a-k-g.pl\/#website\"},\"datePublished\":\"2020-10-21T19:49:03+00:00\",\"dateModified\":\"2025-08-05T20:07:02+00:00\",\"breadcrumb\":{\"@id\":\"https:\/\/a-k-g.pl\/index.php\/oferta\/#breadcrumb\"},\"inLanguage\":\"pl-PL\",\"potentialAction\":[{\"@type\":\"ReadAction\",\"target\":[\"https:\/\/a-k-g.pl\/index.php\/oferta\/\"]}]},{\"@type\":\"BreadcrumbList\",\"@id\":\"https:\/\/a-k-g.pl\/index.php\/oferta\/#breadcrumb\",\"itemListElement\":[{\"@type\":\"ListItem\",\"position\":1,\"name\":\"Home\",\"item\":\"https:\/\/a-k-g.pl\/\"},{\"@type\":\"ListItem\",\"position\":2,\"name\":\"Oferta\"}]},{\"@type\":\"WebSite\",\"@id\":\"https:\/\/a-k-g.pl\/#website\",\"url\":\"https:\/\/a-k-g.pl\/\",\"name\":\"Anna Kalkandzis-Gutteridge\",\"description\":\"Neurolanguage Coach&reg;\",\"publisher\":{\"@id\":\"https:\/\/a-k-g.pl\/#organization\"},\"potentialAction\":[{\"@type\":\"SearchAction\",\"target\":{\"@type\":\"EntryPoint\",\"urlTemplate\":\"https:\/\/a-k-g.pl\/?s={search_term_string}\"},\"query-input\":\"required name=search_term_string\"}],\"inLanguage\":\"pl-PL\"},{\"@type\":\"Organization\",\"@id\":\"https:\/\/a-k-g.pl\/#organization\",\"name\":\"Anna Kalkandzis-Gutteridge\",\"url\":\"https:\/\/a-k-g.pl\/\",\"logo\":{\"@type\":\"ImageObject\",\"inLanguage\":\"pl-PL\",\"@id\":\"https:\/\/a-k-g.pl\/#\/schema\/logo\/image\/\",\"url\":\"https:\/\/i0.wp.com\/a-k-g.pl\/wp-content\/uploads\/2020\/09\/AKG-gold_logotype-www_neurolanguage.png?fit=1870%2C365&ssl=1\",\"contentUrl\":\"https:\/\/i0.wp.com\/a-k-g.pl\/wp-content\/uploads\/2020\/09\/AKG-gold_logotype-www_neurolanguage.png?fit=1870%2C365&ssl=1\",\"width\":1870,\"height\":365,\"caption\":\"Anna Kalkandzis-Gutteridge\"},\"image\":{\"@id\":\"https:\/\/a-k-g.pl\/#\/schema\/logo\/image\/\"}}]}<\/script>\n<!-- \/ Yoast SEO plugin. -->","yoast_head_json":{"title":"Oferta - Anna Kalkandzis-Gutteridge","robots":{"index":"index","follow":"follow","max-snippet":"max-snippet:-1","max-image-preview":"max-image-preview:large","max-video-preview":"max-video-preview:-1"},"canonical":"https:\/\/a-k-g.pl\/index.php\/oferta\/","og_locale":"pl_PL","og_type":"article","og_title":"Oferta - Anna Kalkandzis-Gutteridge","og_description":"Coaching neuroj\u0119zykowy\u00ae jest metod\u0105, w kt\u00f3rej kursanci szybko osi\u0105gaj\u0105 rezultaty, ale nie jest drog\u0105 na skr\u00f3ty. To, \u017ce jest przyjazny dla m\u00f3zgu, nie oznacza, \u017ce nie trzeba wk\u0142ada\u0107 wysi\u0142ku z nauk\u0119. Tak samo, jak w przypadku zdobywania ka\u017cdej innej umiej\u0119tno\u015bci, czy to jazdy samochodem, czy rze\u017abienia sylwetki na si\u0142owni, tak ...","og_url":"https:\/\/a-k-g.pl\/index.php\/oferta\/","og_site_name":"Anna Kalkandzis-Gutteridge","article_modified_time":"2025-08-05T20:07:02+00:00","og_image":[{"width":1920,"height":1280,"url":"https:\/\/a-k-g.pl\/wp-content\/uploads\/2020\/10\/oferta-scaled.jpg","type":"image\/jpeg"}],"twitter_card":"summary_large_image","twitter_misc":{"Szacowany czas czytania":"3 minuty"},"schema":{"@context":"https:\/\/schema.org","@graph":[{"@type":"WebPage","@id":"https:\/\/a-k-g.pl\/index.php\/oferta\/","url":"https:\/\/a-k-g.pl\/index.php\/oferta\/","name":"Oferta - Anna Kalkandzis-Gutteridge","isPartOf":{"@id":"https:\/\/a-k-g.pl\/#website"},"datePublished":"2020-10-21T19:49:03+00:00","dateModified":"2025-08-05T20:07:02+00:00","breadcrumb":{"@id":"https:\/\/a-k-g.pl\/index.php\/oferta\/#breadcrumb"},"inLanguage":"pl-PL","potentialAction":[{"@type":"ReadAction","target":["https:\/\/a-k-g.pl\/index.php\/oferta\/"]}]},{"@type":"BreadcrumbList","@id":"https:\/\/a-k-g.pl\/index.php\/oferta\/#breadcrumb","itemListElement":[{"@type":"ListItem","position":1,"name":"Home","item":"https:\/\/a-k-g.pl\/"},{"@type":"ListItem","position":2,"name":"Oferta"}]},{"@type":"WebSite","@id":"https:\/\/a-k-g.pl\/#website","url":"https:\/\/a-k-g.pl\/","name":"Anna Kalkandzis-Gutteridge","description":"Neurolanguage Coach&reg;","publisher":{"@id":"https:\/\/a-k-g.pl\/#organization"},"potentialAction":[{"@type":"SearchAction","target":{"@type":"EntryPoint","urlTemplate":"https:\/\/a-k-g.pl\/?s={search_term_string}"},"query-input":"required name=search_term_string"}],"inLanguage":"pl-PL"},{"@type":"Organization","@id":"https:\/\/a-k-g.pl\/#organization","name":"Anna Kalkandzis-Gutteridge","url":"https:\/\/a-k-g.pl\/","logo":{"@type":"ImageObject","inLanguage":"pl-PL","@id":"https:\/\/a-k-g.pl\/#\/schema\/logo\/image\/","url":"https:\/\/i0.wp.com\/a-k-g.pl\/wp-content\/uploads\/2020\/09\/AKG-gold_logotype-www_neurolanguage.png?fit=1870%2C365&ssl=1","contentUrl":"https:\/\/i0.wp.com\/a-k-g.pl\/wp-content\/uploads\/2020\/09\/AKG-gold_logotype-www_neurolanguage.png?fit=1870%2C365&ssl=1","width":1870,"height":365,"caption":"Anna Kalkandzis-Gutteridge"},"image":{"@id":"https:\/\/a-k-g.pl\/#\/schema\/logo\/image\/"}}]}},"_links":{"self":[{"href":"https:\/\/a-k-g.pl\/index.php\/wp-json\/wp\/v2\/pages\/1716"}],"collection":[{"href":"https:\/\/a-k-g.pl\/index.php\/wp-json\/wp\/v2\/pages"}],"about":[{"href":"https:\/\/a-k-g.pl\/index.php\/wp-json\/wp\/v2\/types\/page"}],"author":[{"embeddable":true,"href":"https:\/\/a-k-g.pl\/index.php\/wp-json\/wp\/v2\/users\/1"}],"replies":[{"embeddable":true,"href":"https:\/\/a-k-g.pl\/index.php\/wp-json\/wp\/v2\/comments?post=1716"}],"version-history":[{"count":33,"href":"https:\/\/a-k-g.pl\/index.php\/wp-json\/wp\/v2\/pages\/1716\/revisions"}],"predecessor-version":[{"id":2496,"href":"https:\/\/a-k-g.pl\/index.php\/wp-json\/wp\/v2\/pages\/1716\/revisions\/2496"}],"wp:featuredmedia":[{"embeddable":true,"href":"https:\/\/a-k-g.pl\/index.php\/wp-json\/wp\/v2\/media\/1792"}],"wp:attachment":[{"href":"https:\/\/a-k-g.pl\/index.php\/wp-json\/wp\/v2\/media?parent=1716"}],"curies":[{"name":"wp","href":"https:\/\/api.w.org\/{rel}","templated":true}]}}