{"id":1671,"date":"2020-10-04T13:25:50","date_gmt":"2020-10-04T11:25:50","guid":{"rendered":"https:\/\/a-k-g.pl\/?page_id=1671"},"modified":"2020-11-04T21:25:38","modified_gmt":"2020-11-04T20:25:38","slug":"referencje","status":"publish","type":"page","link":"https:\/\/a-k-g.pl\/index.php\/referencje\/","title":{"rendered":"Referencje"},"content":{"rendered":"\n<div class=\"wp-block-group\"><div class=\"wp-block-group__inner-container is-layout-flow\">\n<div class=\"wp-block-image\"><figure class=\"alignleft size-large is-resized\"><img decoding=\"async\" src=\"https:\/\/i0.wp.com\/a-k-g.pl\/wp-content\/uploads\/2020\/10\/Onninen.png?resize=253%2C44&#038;ssl=1\" alt=\"\" class=\"wp-image-1743\" width=\"253\" height=\"44\" srcset=\"https:\/\/i0.wp.com\/a-k-g.pl\/wp-content\/uploads\/2020\/10\/Onninen.png?resize=1024%2C182&amp;ssl=1 1024w, https:\/\/i0.wp.com\/a-k-g.pl\/wp-content\/uploads\/2020\/10\/Onninen.png?resize=300%2C53&amp;ssl=1 300w, https:\/\/i0.wp.com\/a-k-g.pl\/wp-content\/uploads\/2020\/10\/Onninen.png?resize=768%2C137&amp;ssl=1 768w, https:\/\/i0.wp.com\/a-k-g.pl\/wp-content\/uploads\/2020\/10\/Onninen.png?resize=1536%2C274&amp;ssl=1 1536w, https:\/\/i0.wp.com\/a-k-g.pl\/wp-content\/uploads\/2020\/10\/Onninen.png?resize=1440%2C257&amp;ssl=1 1440w, https:\/\/i0.wp.com\/a-k-g.pl\/wp-content\/uploads\/2020\/10\/Onninen.png?resize=1200%2C214&amp;ssl=1 1200w, https:\/\/i0.wp.com\/a-k-g.pl\/wp-content\/uploads\/2020\/10\/Onninen.png?resize=600%2C107&amp;ssl=1 600w, https:\/\/i0.wp.com\/a-k-g.pl\/wp-content\/uploads\/2020\/10\/Onninen.png?w=1813&amp;ssl=1 1813w\" sizes=\"(max-width: 253px) 100vw, 253px\" data-recalc-dims=\"1\" \/><figcaption><br>Edyta So\u0142tysiak<br>HR Business Partner <br>Onninen Sp. z o.o.<\/figcaption><\/figure><\/div>\n\n\n\n<p>Ju\u017c od kilku lat z powodzeniem realizujemy nasz\u0105 polityk\u0119 szkole\u0144 j\u0119zykowych korzystaj\u0105c z us\u0142ug firmy English For Professionals. Cenimy sobie bardzo trafne audyty j\u0119zykowe, eksperckie podej\u015bcie do organizacji i przeprowadzania szkole\u0144 oraz stosowane metody nauczania. Z rado\u015bci\u0105 obserwujemy jak co roku nasi Pracownicy ch\u0119tnie wracaj\u0105 na zaj\u0119cia, utrzymuj\u0105 wysok\u0105 frekwencj\u0119 i sukcesywnie podnosz\u0105 poziom swoich kompetencji j\u0119zykowych. Widzimy te\u017c, jak wzrost tych kompetencji przek\u0142ada si\u0119 na rozw\u00f3j Pracownika w Organizacji, jak Uczestnicy szkole\u0144 j\u0119zykowych z sukcesem pe\u0142ni\u0105 wa\u017cne role w strukturach i projektach mi\u0119dzynarodowych, co jest kluczowe dla tak mi\u0119dzynarodowej organizacji, jak\u0105 jest Onninen. Wszystko to sprawia, i\u017c jeste\u015bmy bardzo zadowoleni z inwestycji, jak\u0105 czynimy na polu szkole\u0144 j\u0119zykowych oraz z profesjonalnej obs\u0142ugi tej inwestycji przez pani\u0105 Ani\u0119, kt\u00f3ra z biegiem lat sta\u0142a si\u0119 dla nas nie tylko dostawc\u0105 us\u0142ug, ale r\u00f3wnie\u017c doradc\u0105 w zakresie szkole\u0144 j\u0119zykowych, bliskim wsp\u00f3\u0142pracownikiem i przyjacielem naszej Organizacji. Je\u015bli szukaj\u0105 Pa\u0144stwo po\u0142\u0105czenia profesjonalizmu i ciep\u0142ych relacji to serdecznie polecamy t\u0119 wsp\u00f3\u0142prac\u0119.<\/p>\n<\/div><\/div>\n\n\n\n<hr class=\"wp-block-separator is-style-wide\"\/>\n\n\n\n<div class=\"wp-block-group\"><div class=\"wp-block-group__inner-container is-layout-flow\">\n<div class=\"wp-block-image\"><figure class=\"alignleft size-medium is-resized\"><img decoding=\"async\" src=\"https:\/\/i0.wp.com\/a-k-g.pl\/wp-content\/uploads\/2020\/11\/recenzje_AKG.jpg?resize=253%2C186&#038;ssl=1\" alt=\"\" class=\"wp-image-1907\" width=\"253\" height=\"186\" data-recalc-dims=\"1\" \/><figcaption>KOSCIUSCHKO DESIGN<\/figcaption><\/figure><\/div>\n\n\n\n<p>Ania jest profesjonalistk\u0105 a przede wszystkim SKUTECZNYM trenerem!<br>Ma du\u017c\u0105 wiedz\u0119 i daje konkretne narz\u0119dzia.<br>Dzi\u0119ki niej gramatyka okaza\u0142a si\u0119 by\u0107 logiczna a m\u00f3wienie dziecinnie proste.<br>Dzi\u0119kujemy za cierpliwo\u015b\u0107 i serdeczno\u015b\u0107!<\/p>\n\n\n\n\n\n\n\n\n<\/div><\/div>\n\n\n\n<hr class=\"wp-block-separator is-style-wide\"\/>\n\n\n<div class=\"wp-block-image\">\n<figure class=\"alignleft size-large is-resized\"><img decoding=\"async\" class=\"wp-image-1743\" src=\"https:\/\/i0.wp.com\/a-k-g.pl\/wp-content\/uploads\/2020\/10\/Profilowe.jpg?resize=252%2C308&#038;ssl=1\" alt=\"\" width=\"252\" height=\"308\" data-recalc-dims=\"1\" \/>\n<figcaption>Danuta Brichkovskiy<br \/>Head of Human Resources<br \/>DRADURA Polska Sp. z o.o.<\/figcaption>\n<\/figure>\n<\/div>\n\n\n<div class=\"wp-block-group\"><div class=\"wp-block-group__inner-container is-layout-flow\">\n<p>Wsp\u00f3\u0142pracuj\u0119 z Pani\u0105 Ann\u0105 Kalkandzis-Gutteridge od ponad 6 lat w zakresie szkole\u0144 j\u0119zykowych dla pracownik\u00f3w. To szczeg\u00f3lne wyzwanie, wymaga bowiem wielkiej elastyczno\u015bci w organizowaniu zaj\u0119\u0107, szerokiej i ponadprzeci\u0119tnie zr\u00f3\u017cnicowanej oferty edukacyjnej &#8211; uwzgl\u0119dniaj\u0105cej potrzeby firmy, specyfik\u0119 prowadzonego biznesu, ale tak\u017ce zr\u00f3\u017cnicowanie poziom\u00f3w nauczania oraz wieku student\u00f3w.<\/p>\n\n\n\n<p>Pani Ania od ponad 6 lat niezmiennie dostarcza nam najwy\u017cszej jako\u015bci us\u0142ugi w zakresie zwi\u0119kszania kompetencji j\u0119zykowych naszych pracownik\u00f3w, czego dowodem s\u0105 rosn\u0105ce z roku na rok wska\u017aniki mierz\u0105ce stopie\u0144 znajomo\u015bci j\u0119zyka angielskiego. Na szczeg\u00f3ln\u0105 uwag\u0119 zas\u0142uguje jednak sam spos\u00f3b prowadzenia przez ni\u0105 projektu edukacyjnego, pocz\u0105wszy od zebrania potrzeb, poprzez planowanie zaj\u0119\u0107, ich realizacj\u0119, a\u017c po finalne rezultaty, ich mierzenie i prezentacj\u0119.<\/p>\n\n\n\n<p>Profesjonalizm Pani Ani, jej podej\u015bcie do klienta i uczni\u00f3w, a przede wszystkim spok\u00f3j i opanowanie, nastawienie na rozwi\u0105zywanie problem\u00f3w, umiej\u0119tno\u015b\u0107 tworzenia \u017cyczliwej i motywuj\u0105cej do nauki atmosfery na zaj\u0119ciach, robi wra\u017cenie niezale\u017cnie od czasu trwania wsp\u00f3\u0142pracy. Pasja do uczenia i zaanga\u017cowanie w realizowany projekt jest u niej na niezmiennie wysokim poziomie. Nale\u017cy tu podkre\u015bli\u0107, i\u017c szko\u0142a j\u0119zykowa English For Professionals przez te lata wsp\u00f3\u0142pracy da\u0142a si\u0119 pozna\u0107 jako firma, na kt\u00f3rej naprawd\u0119 mo\u017cna polega\u0107 i kt\u00f3rej mo\u017cna w pe\u0142ni zaufa\u0107.<\/p>\n\n\n\n<p>Wysoka, specjalistyczna wiedza Pani Anny, jej do\u015bwiadczenie, zaanga\u017cowanie i profesjonalne podej\u015bcie do takich projekt\u00f3w s\u0105 niew\u0105tpliwie ogromnymi atutami jej firmy. Nasza dotychczasowa wsp\u00f3\u0142praca pokazuje, \u017ce projekty prowadzone przez English For Professionals gwarantuj\u0105 wysok\u0105 jako\u015b\u0107, oczekiwan\u0105 efektywno\u015b\u0107 i mo\u017cliwo\u015b\u0107 bezpo\u015bredniego wykorzystania jej rezultat\u00f3w w \u015bwiadomym budowaniu kompetencji j\u0119zykowych pracownik\u00f3w.<\/p>\n\n\n\n<p>Zawa\u017cywszy na to, z przyjemno\u015bci\u0105 polecam English For Professionals Anna Kalkandzis-Gutteridge jako profesjonalnego i godnego zaufania partnera biznesowego.<\/p>\n<\/div><\/div>\n\n\n<hr class=\"wp-block-separator is-style-wide\"><!-- \/wp:separator -->\n<p><!-- wp:paragraph --><\/p>\n<p><!-- \/wp:paragraph --><\/p>","protected":false},"excerpt":{"rendered":"<p>Edyta So\u0142tysiakHR Business Partner Onninen Sp. z o.o. Ju\u017c od kilku lat z powodzeniem realizujemy nasz\u0105 polityk\u0119 szkole\u0144 j\u0119zykowych korzystaj\u0105c z us\u0142ug firmy English For Professionals. Cenimy sobie bardzo trafne audyty j\u0119zykowe, eksperckie podej\u015bcie do organizacji i przeprowadzania szkole\u0144 oraz stosowane metody nauczania. Z rado\u015bci\u0105 obserwujemy jak co roku nasi &#8230;<\/p>\n","protected":false},"author":1,"featured_media":1884,"parent":0,"menu_order":0,"comment_status":"closed","ping_status":"closed","template":"template-no-sidebar.php","meta":{"loftocean_post_format_gallery":"","loftocean_post_format_gallery_ids":"","loftocean_post_format_gallery_urls":"","loftocean_post_format_video_id":"","loftocean_post_format_video_url":"","loftocean_post_format_video_type":"","loftocean_post_format_video":"","loftocean_post_format_audio_type":"","loftocean_post_format_audio_url":"","loftocean_post_format_audio_id":"","loftocean_post_format_audio":"","loftocean-featured-post":"","loftocean-like-count":0,"loftocean-view-count":0,"loftocean-enable-content-navigation":"","loftocean-content-navigation-position":"","loftocean-content-navigation-heading":"h3","loftocean-content-navigation-label":"","loftocean-content-navigation-icon":"","loftocean-map-location":"","loftocean-map-latlng":"","loftocean-map-auto-latlng":"","eaven_single_post_hide_thumbnail":"","eaven_single_post_template":"","eaven_single_post_sidebar":"","eaven_hide_before_page_content_ad":"","eaven_hide_after_page_content_ad":""},"yoast_head":"<!-- This site is optimized with the Yoast SEO plugin v20.13 - https:\/\/yoast.com\/wordpress\/plugins\/seo\/ -->\n<title>Referencje - Anna Kalkandzis-Gutteridge<\/title>\n<meta name=\"robots\" content=\"index, follow, max-snippet:-1, max-image-preview:large, max-video-preview:-1\" \/>\n<link rel=\"canonical\" href=\"https:\/\/a-k-g.pl\/index.php\/referencje\/\" \/>\n<meta property=\"og:locale\" content=\"pl_PL\" \/>\n<meta property=\"og:type\" content=\"article\" \/>\n<meta property=\"og:title\" content=\"Referencje - Anna Kalkandzis-Gutteridge\" \/>\n<meta property=\"og:description\" content=\"Edyta So\u0142tysiakHR Business Partner Onninen Sp. z o.o. Ju\u017c od kilku lat z powodzeniem realizujemy nasz\u0105 polityk\u0119 szkole\u0144 j\u0119zykowych korzystaj\u0105c z us\u0142ug firmy English For Professionals. Cenimy sobie bardzo trafne audyty j\u0119zykowe, eksperckie podej\u015bcie do organizacji i przeprowadzania szkole\u0144 oraz stosowane metody nauczania. Z rado\u015bci\u0105 obserwujemy jak co roku nasi ...\" \/>\n<meta property=\"og:url\" content=\"https:\/\/a-k-g.pl\/index.php\/referencje\/\" \/>\n<meta property=\"og:site_name\" content=\"Anna Kalkandzis-Gutteridge\" \/>\n<meta property=\"article:modified_time\" content=\"2020-11-04T20:25:38+00:00\" \/>\n<meta property=\"og:image\" content=\"https:\/\/a-k-g.pl\/wp-content\/uploads\/2020\/11\/referencje_small.jpg\" \/>\n\t<meta property=\"og:image:width\" content=\"1011\" \/>\n\t<meta property=\"og:image:height\" content=\"781\" \/>\n\t<meta property=\"og:image:type\" content=\"image\/jpeg\" \/>\n<meta name=\"twitter:card\" content=\"summary_large_image\" \/>\n<meta name=\"twitter:label1\" content=\"Szacowany czas czytania\" \/>\n\t<meta name=\"twitter:data1\" content=\"3 minuty\" \/>\n<script type=\"application\/ld+json\" class=\"yoast-schema-graph\">{\"@context\":\"https:\/\/schema.org\",\"@graph\":[{\"@type\":\"WebPage\",\"@id\":\"https:\/\/a-k-g.pl\/index.php\/referencje\/\",\"url\":\"https:\/\/a-k-g.pl\/index.php\/referencje\/\",\"name\":\"Referencje - Anna Kalkandzis-Gutteridge\",\"isPartOf\":{\"@id\":\"https:\/\/a-k-g.pl\/#website\"},\"datePublished\":\"2020-10-04T11:25:50+00:00\",\"dateModified\":\"2020-11-04T20:25:38+00:00\",\"breadcrumb\":{\"@id\":\"https:\/\/a-k-g.pl\/index.php\/referencje\/#breadcrumb\"},\"inLanguage\":\"pl-PL\",\"potentialAction\":[{\"@type\":\"ReadAction\",\"target\":[\"https:\/\/a-k-g.pl\/index.php\/referencje\/\"]}]},{\"@type\":\"BreadcrumbList\",\"@id\":\"https:\/\/a-k-g.pl\/index.php\/referencje\/#breadcrumb\",\"itemListElement\":[{\"@type\":\"ListItem\",\"position\":1,\"name\":\"Home\",\"item\":\"https:\/\/a-k-g.pl\/\"},{\"@type\":\"ListItem\",\"position\":2,\"name\":\"Referencje\"}]},{\"@type\":\"WebSite\",\"@id\":\"https:\/\/a-k-g.pl\/#website\",\"url\":\"https:\/\/a-k-g.pl\/\",\"name\":\"Anna Kalkandzis-Gutteridge\",\"description\":\"Neurolanguage Coach&reg;\",\"publisher\":{\"@id\":\"https:\/\/a-k-g.pl\/#organization\"},\"potentialAction\":[{\"@type\":\"SearchAction\",\"target\":{\"@type\":\"EntryPoint\",\"urlTemplate\":\"https:\/\/a-k-g.pl\/?s={search_term_string}\"},\"query-input\":\"required name=search_term_string\"}],\"inLanguage\":\"pl-PL\"},{\"@type\":\"Organization\",\"@id\":\"https:\/\/a-k-g.pl\/#organization\",\"name\":\"Anna Kalkandzis-Gutteridge\",\"url\":\"https:\/\/a-k-g.pl\/\",\"logo\":{\"@type\":\"ImageObject\",\"inLanguage\":\"pl-PL\",\"@id\":\"https:\/\/a-k-g.pl\/#\/schema\/logo\/image\/\",\"url\":\"https:\/\/i0.wp.com\/a-k-g.pl\/wp-content\/uploads\/2020\/09\/AKG-gold_logotype-www_neurolanguage.png?fit=1870%2C365&ssl=1\",\"contentUrl\":\"https:\/\/i0.wp.com\/a-k-g.pl\/wp-content\/uploads\/2020\/09\/AKG-gold_logotype-www_neurolanguage.png?fit=1870%2C365&ssl=1\",\"width\":1870,\"height\":365,\"caption\":\"Anna Kalkandzis-Gutteridge\"},\"image\":{\"@id\":\"https:\/\/a-k-g.pl\/#\/schema\/logo\/image\/\"}}]}<\/script>\n<!-- \/ Yoast SEO plugin. -->","yoast_head_json":{"title":"Referencje - Anna Kalkandzis-Gutteridge","robots":{"index":"index","follow":"follow","max-snippet":"max-snippet:-1","max-image-preview":"max-image-preview:large","max-video-preview":"max-video-preview:-1"},"canonical":"https:\/\/a-k-g.pl\/index.php\/referencje\/","og_locale":"pl_PL","og_type":"article","og_title":"Referencje - Anna Kalkandzis-Gutteridge","og_description":"Edyta So\u0142tysiakHR Business Partner Onninen Sp. z o.o. Ju\u017c od kilku lat z powodzeniem realizujemy nasz\u0105 polityk\u0119 szkole\u0144 j\u0119zykowych korzystaj\u0105c z us\u0142ug firmy English For Professionals. Cenimy sobie bardzo trafne audyty j\u0119zykowe, eksperckie podej\u015bcie do organizacji i przeprowadzania szkole\u0144 oraz stosowane metody nauczania. Z rado\u015bci\u0105 obserwujemy jak co roku nasi ...","og_url":"https:\/\/a-k-g.pl\/index.php\/referencje\/","og_site_name":"Anna Kalkandzis-Gutteridge","article_modified_time":"2020-11-04T20:25:38+00:00","og_image":[{"width":1011,"height":781,"url":"https:\/\/a-k-g.pl\/wp-content\/uploads\/2020\/11\/referencje_small.jpg","type":"image\/jpeg"}],"twitter_card":"summary_large_image","twitter_misc":{"Szacowany czas czytania":"3 minuty"},"schema":{"@context":"https:\/\/schema.org","@graph":[{"@type":"WebPage","@id":"https:\/\/a-k-g.pl\/index.php\/referencje\/","url":"https:\/\/a-k-g.pl\/index.php\/referencje\/","name":"Referencje - Anna Kalkandzis-Gutteridge","isPartOf":{"@id":"https:\/\/a-k-g.pl\/#website"},"datePublished":"2020-10-04T11:25:50+00:00","dateModified":"2020-11-04T20:25:38+00:00","breadcrumb":{"@id":"https:\/\/a-k-g.pl\/index.php\/referencje\/#breadcrumb"},"inLanguage":"pl-PL","potentialAction":[{"@type":"ReadAction","target":["https:\/\/a-k-g.pl\/index.php\/referencje\/"]}]},{"@type":"BreadcrumbList","@id":"https:\/\/a-k-g.pl\/index.php\/referencje\/#breadcrumb","itemListElement":[{"@type":"ListItem","position":1,"name":"Home","item":"https:\/\/a-k-g.pl\/"},{"@type":"ListItem","position":2,"name":"Referencje"}]},{"@type":"WebSite","@id":"https:\/\/a-k-g.pl\/#website","url":"https:\/\/a-k-g.pl\/","name":"Anna Kalkandzis-Gutteridge","description":"Neurolanguage Coach&reg;","publisher":{"@id":"https:\/\/a-k-g.pl\/#organization"},"potentialAction":[{"@type":"SearchAction","target":{"@type":"EntryPoint","urlTemplate":"https:\/\/a-k-g.pl\/?s={search_term_string}"},"query-input":"required name=search_term_string"}],"inLanguage":"pl-PL"},{"@type":"Organization","@id":"https:\/\/a-k-g.pl\/#organization","name":"Anna Kalkandzis-Gutteridge","url":"https:\/\/a-k-g.pl\/","logo":{"@type":"ImageObject","inLanguage":"pl-PL","@id":"https:\/\/a-k-g.pl\/#\/schema\/logo\/image\/","url":"https:\/\/i0.wp.com\/a-k-g.pl\/wp-content\/uploads\/2020\/09\/AKG-gold_logotype-www_neurolanguage.png?fit=1870%2C365&ssl=1","contentUrl":"https:\/\/i0.wp.com\/a-k-g.pl\/wp-content\/uploads\/2020\/09\/AKG-gold_logotype-www_neurolanguage.png?fit=1870%2C365&ssl=1","width":1870,"height":365,"caption":"Anna Kalkandzis-Gutteridge"},"image":{"@id":"https:\/\/a-k-g.pl\/#\/schema\/logo\/image\/"}}]}},"_links":{"self":[{"href":"https:\/\/a-k-g.pl\/index.php\/wp-json\/wp\/v2\/pages\/1671"}],"collection":[{"href":"https:\/\/a-k-g.pl\/index.php\/wp-json\/wp\/v2\/pages"}],"about":[{"href":"https:\/\/a-k-g.pl\/index.php\/wp-json\/wp\/v2\/types\/page"}],"author":[{"embeddable":true,"href":"https:\/\/a-k-g.pl\/index.php\/wp-json\/wp\/v2\/users\/1"}],"replies":[{"embeddable":true,"href":"https:\/\/a-k-g.pl\/index.php\/wp-json\/wp\/v2\/comments?post=1671"}],"version-history":[{"count":67,"href":"https:\/\/a-k-g.pl\/index.php\/wp-json\/wp\/v2\/pages\/1671\/revisions"}],"predecessor-version":[{"id":1959,"href":"https:\/\/a-k-g.pl\/index.php\/wp-json\/wp\/v2\/pages\/1671\/revisions\/1959"}],"wp:featuredmedia":[{"embeddable":true,"href":"https:\/\/a-k-g.pl\/index.php\/wp-json\/wp\/v2\/media\/1884"}],"wp:attachment":[{"href":"https:\/\/a-k-g.pl\/index.php\/wp-json\/wp\/v2\/media?parent=1671"}],"curies":[{"name":"wp","href":"https:\/\/api.w.org\/{rel}","templated":true}]}}