{"id":1192,"date":"2019-10-06T09:00:52","date_gmt":"2019-10-06T07:00:52","guid":{"rendered":"https:\/\/demo.loftocean.com\/eaven-travel\/?page_id=1192"},"modified":"2023-05-16T21:14:02","modified_gmt":"2023-05-16T19:14:02","slug":"about-me","status":"publish","type":"page","link":"https:\/\/a-k-g.pl\/index.php\/about-me\/","title":{"rendered":"O mnie"},"content":{"rendered":"\n<div class=\"wp-block-media-text has-media-on-the-right is-vertically-aligned-top\" style=\"grid-template-columns:auto 45%\"><div class=\"wp-block-media-text__content\">\n<h2 class=\"wp-block-heading has-text-align-center\">Moje pocz\u0105tki<\/h2>\n\n\n\n<p class=\"has-text-align-center\"><p class=\"dropcap dropcap-colorful\">Kiedy by\u0142am ma\u0142\u0105 dziewczynk\u0105, tata wzi\u0105\u0142 mnie pewnego dnia za r\u0119k\u0119 i zaprowadzi\u0142 na m\u00f3j pierwszy kurs angielskiego. Dzi\u015b nie ma w tym ju\u017c nic dziwnego, ale w latach 80-tych ubieg\u0142ego stulecia angielski nie by\u0142 jeszcze przedmiotem szkolnym, nie by\u0142o te\u017c wielu szk\u00f3\u0142 j\u0119zykowych, a ja by\u0142am chyba jedynym dzieckiem w okolicy, kt\u00f3re dwa razy w tygodniu po lekcjach jecha\u0142o do centrum miasta na kurs j\u0119zykowy. Wci\u0105\u017c mam bardzo \u017cywe wspomnienia z tych zaj\u0119\u0107, nadal mam r\u00f3wnie\u017c podr\u0119cznik, z kt\u00f3rego wtedy si\u0119 uczy\u0142am, moja pierwsza ksi\u0105\u017cka do angielskiego J Kiedy po wielu latach wracam wspomnieniami do tego okresu to my\u015bl\u0119, \u017ce ju\u017c wtedy przes\u0105dzi\u0142a si\u0119 \u015bcie\u017cka mojej kariery zawodowej. Od zawsze wiedzia\u0142am, \u017ce b\u0119d\u0119 nauczycielem, a wtedy wiedzia\u0142am ju\u017c tak\u017ce, \u017ce b\u0119d\u0119 nauczycielem angielskiego.<\/p>\n\n\n\n<p class=\"has-text-align-center\">W kolejnych latach uczestniczenie w kursach j\u0119zykowych sta\u0142o si\u0119 oczywisto\u015bci\u0105. By\u0142o po prostu wiadomo, \u017ce wraz z rozpocz\u0119ciem roku szkolnego rozpoczyna si\u0119 te\u017c kurs i chyba nigdy w \u017cyciu, nawet w okresie nastoletniego buntu, nie przysz\u0142o mi do g\u0142owy, aby ten stan rzeczy zanegowa\u0107. Niemniej oczywistym i naturalnym wyborem by\u0142y r\u00f3wnie\u017c studia na kierunku Filologia Angielska. Wraz z rozpocz\u0119ciem studi\u00f3w stawia\u0142am te\u017c swoje pierwsze kroki w nauczaniu, gromadz\u0105c cenne obserwacje i do\u015bwiadczenia.<\/p>\n\n\n\n\n<\/div><figure class=\"wp-block-media-text__media\"><img decoding=\"async\" width=\"1024\" height=\"923\" src=\"https:\/\/i0.wp.com\/a-k-g.pl\/wp-content\/uploads\/2020\/11\/Ania_o_mnie.jpg?resize=1024%2C923&#038;ssl=1\" alt=\"\" class=\"wp-image-2167 size-full\" srcset=\"https:\/\/i0.wp.com\/a-k-g.pl\/wp-content\/uploads\/2020\/11\/Ania_o_mnie.jpg?resize=1024%2C923&amp;ssl=1 1024w, https:\/\/i0.wp.com\/a-k-g.pl\/wp-content\/uploads\/2020\/11\/Ania_o_mnie.jpg?resize=300%2C270&amp;ssl=1 300w, https:\/\/i0.wp.com\/a-k-g.pl\/wp-content\/uploads\/2020\/11\/Ania_o_mnie.jpg?resize=768%2C692&amp;ssl=1 768w, https:\/\/i0.wp.com\/a-k-g.pl\/wp-content\/uploads\/2020\/11\/Ania_o_mnie.jpg?resize=1440%2C1298&amp;ssl=1 1440w, https:\/\/i0.wp.com\/a-k-g.pl\/wp-content\/uploads\/2020\/11\/Ania_o_mnie.jpg?resize=1200%2C1081&amp;ssl=1 1200w, https:\/\/i0.wp.com\/a-k-g.pl\/wp-content\/uploads\/2020\/11\/Ania_o_mnie.jpg?resize=600%2C541&amp;ssl=1 600w, https:\/\/i0.wp.com\/a-k-g.pl\/wp-content\/uploads\/2020\/11\/Ania_o_mnie.jpg?w=1476&amp;ssl=1 1476w\" sizes=\"(max-width: 1024px) 100vw, 1024px\" data-recalc-dims=\"1\" \/><\/figure><\/div>\n\n\n\n<div class=\"wp-block-media-text is-vertically-aligned-top obrazki-omnie\" style=\"grid-template-columns:49% auto\"><figure class=\"wp-block-media-text__media\"><img decoding=\"async\" width=\"1024\" height=\"761\" src=\"https:\/\/i0.wp.com\/a-k-g.pl\/wp-content\/uploads\/2020\/11\/ksiazki_do_angielskiego.jpg?resize=1024%2C761&#038;ssl=1\" alt=\"\" class=\"wp-image-2175 size-full\" srcset=\"https:\/\/i0.wp.com\/a-k-g.pl\/wp-content\/uploads\/2020\/11\/ksiazki_do_angielskiego.jpg?resize=1024%2C761&amp;ssl=1 1024w, https:\/\/i0.wp.com\/a-k-g.pl\/wp-content\/uploads\/2020\/11\/ksiazki_do_angielskiego.jpg?resize=300%2C223&amp;ssl=1 300w, https:\/\/i0.wp.com\/a-k-g.pl\/wp-content\/uploads\/2020\/11\/ksiazki_do_angielskiego.jpg?resize=768%2C571&amp;ssl=1 768w, https:\/\/i0.wp.com\/a-k-g.pl\/wp-content\/uploads\/2020\/11\/ksiazki_do_angielskiego.jpg?resize=1536%2C1142&amp;ssl=1 1536w, https:\/\/i0.wp.com\/a-k-g.pl\/wp-content\/uploads\/2020\/11\/ksiazki_do_angielskiego.jpg?resize=1440%2C1071&amp;ssl=1 1440w, https:\/\/i0.wp.com\/a-k-g.pl\/wp-content\/uploads\/2020\/11\/ksiazki_do_angielskiego.jpg?resize=1200%2C892&amp;ssl=1 1200w, https:\/\/i0.wp.com\/a-k-g.pl\/wp-content\/uploads\/2020\/11\/ksiazki_do_angielskiego.jpg?resize=600%2C446&amp;ssl=1 600w, https:\/\/i0.wp.com\/a-k-g.pl\/wp-content\/uploads\/2020\/11\/ksiazki_do_angielskiego.jpg?w=1606&amp;ssl=1 1606w\" sizes=\"(max-width: 1024px) 100vw, 1024px\" data-recalc-dims=\"1\" \/><\/figure><div class=\"wp-block-media-text__content\">\n<h2 class=\"wp-block-heading has-text-align-center\">Nast\u0119pnie&#8230;<\/h2>\n\n\n\n<p class=\"has-text-align-center\"><p class=\"dropcap dropcap-colorful\">Po studiach zosta\u0142am nauczycielem, pracowa\u0142am zar\u00f3wno w szko\u0142ach pa\u0144stwowych, jak i prywatnych, uczy\u0142am praktycznie wszystkie grupy wiekowe i wszystkie poziomy zaawansowania. Ale moja kochaj\u0105ca zmiany natura gna\u0142a mnie r\u00f3wnie\u017c w innych kierunkach i w ten spos\u00f3b trafi\u0142am do biznesu. Pracowa\u0142am na stanowiskach asystenckich, specjalistycznych oraz kierowniczych w bran\u017cy produkcyjnej, transportowo-logistycznej, gastronomicznej i innych. W tym czasie pracowa\u0142am te\u017c intensywnie jako t\u0142umacz, g\u0142\u00f3wnie w zakresie t\u0142umacze\u0144 technicznych i prawniczych. Nigdy jednak nie przesta\u0142am uczy\u0107! Tak, jak w dzieci\u0144stwie by\u0142o dla mnie oczywiste, \u017ce po lekcjach w szkole idzie si\u0119 na kurs angielskiego, tak teraz by\u0142o dla mnie r\u00f3wnie oczywiste, \u017ce po pracy w biurze idzie si\u0119 taki kurs prowadzi\u0107.<\/p>\n<\/div><\/div>\n\n\n\n<div class=\"wp-block-media-text has-media-on-the-right is-vertically-aligned-top obrazki-omnie\" style=\"grid-template-columns:auto 49%\"><div class=\"wp-block-media-text__content\">\n<h2 class=\"wp-block-heading has-text-align-center\">W\u0142asna \u015bcie\u017cka<\/h2>\n\n\n\n<p class=\"has-text-align-center\"><p class=\"dropcap dropcap-colorful\">A\u017c w ko\u0144cu nast\u0105pi\u0142 prze\u0142om. W 2012 roku zdecydowa\u0142am si\u0119 p\u00f3j\u015b\u0107 swoj\u0105 w\u0142asn\u0105 drog\u0105 i pracowa\u0107 na w\u0142asny rachunek. Musz\u0119 przyzna\u0107, \u017ce by\u0142a to doskona\u0142a decyzja. Nigdy wcze\u015bniej nie rozwija\u0142am si\u0119 zawodowo i osobi\u015bcie tak bardzo, jak w tym okresie. Czego wi\u0119c si\u0119 nauczy\u0142am? Odkry\u0142am swoj\u0105 wielk\u0105 pasj\u0119 do nauczania os\u00f3b doros\u0142ych, postanowi\u0142am wyspecjalizowa\u0107 si\u0119 w tym zakresie, \u015bwiadomie rezygnuj\u0105c z nauczania wszystkich grup wiekowych. Zrozumia\u0142am r\u00f3wnie\u017c, \u017ce najbardziej mog\u0119 pom\u00f3c osobom doros\u0142ym aktywnym zawodowo. Znam prac\u0119 w biznesie od podszewki, wiem, jakie s\u0105 najwi\u0119ksze rado\u015bci ale te\u017c wyzwania i przeszkody i potrafi\u0119 wesprze\u0107 w ich przezwyci\u0119\u017caniu.<\/p>\n\n\n\n<p class=\"has-text-align-center\">Odkry\u0142am, \u017ce nie chc\u0119 by\u0107 nauczycielem w dos\u0142ownym tego s\u0142owa znaczeniu, czyli osob\u0105, kt\u00f3ra najpierw przekazuje wiedz\u0119, a potem sprawdza, czy ucze\u0144 j\u0105 przyswoi\u0142. Chc\u0119 by\u0107 towarzyszem mojego Klienta w jego drodze zdobywania wiedzy i rozwoju, chc\u0119 pomaga\u0107, a nie rozlicza\u0107, chc\u0119 nawi\u0105zywa\u0107 partnersk\u0105 relacj\u0119, a nie decydowa\u0107. Dlatego przesz\u0142am drog\u0119 rozwoju zawodowego i osobistego, na kt\u00f3rej zosta\u0142am trenerem j\u0119zyka angielskiego, a nast\u0119pnie certyfikowanym coachem neuroj\u0119zykowym\u00ae.<\/p>\n\n\n\n<p class=\"has-text-align-center\">Zrozumia\u0142am, \u017ce kocham prac\u0119 z lud\u017ami r\u00f3\u017cnych narodowo\u015bci i kultur, fascynuj\u0105 mnie r\u00f3\u017cnice kulturowe oraz komunikacja z ich poszanowaniem. Zdoby\u0142am wi\u0119c stosowne kwalifikacje i zosta\u0142am trenerem i coachem j\u0119zyka polskiego jako obcego. Zrozumia\u0142am, \u017ce moj\u0105 misj\u0105 jest wspieranie innych w ich d\u0105\u017ceniach do celu i realizacji marze\u0144. Nie musz\u0119 awansowa\u0107, rywalizowa\u0107, wygrywa\u0107, najwspanialsz\u0105 nagrod\u0105 i motywacj\u0105 jest dla mnie to, \u017ce moi Klienci awansuj\u0105, pokonuj\u0105 w\u0142asne bariery, pn\u0105 si\u0119 po szczeblach kariery, a ja towarzysz\u0119 im w tej drodze usuwaj\u0105c przeszkody j\u0119zykowe. Moi Klienci maj\u0105 niesamowit\u0105 wiedz\u0119 i kompetencje w swoich obszarach, a dzi\u0119ki naszej wsp\u00f3lnej pracy potrafi\u0105 zakomunikowa\u0107 j\u0105 ca\u0142emu \u015bwiatu. A wtedy \u015bwiat staje otworem.<\/p>\n\n\n\n<p class=\"has-text-align-center\"><\/p>\n<\/div><figure class=\"wp-block-media-text__media\"><img decoding=\"async\" width=\"592\" height=\"774\" src=\"https:\/\/i0.wp.com\/a-k-g.pl\/wp-content\/uploads\/2020\/11\/oMnie_foto_small.png?resize=592%2C774&#038;ssl=1\" alt=\"\" class=\"wp-image-1832 size-full\" srcset=\"https:\/\/i0.wp.com\/a-k-g.pl\/wp-content\/uploads\/2020\/11\/oMnie_foto_small.png?w=592&amp;ssl=1 592w, https:\/\/i0.wp.com\/a-k-g.pl\/wp-content\/uploads\/2020\/11\/oMnie_foto_small.png?resize=229%2C300&amp;ssl=1 229w\" sizes=\"(max-width: 592px) 100vw, 592px\" data-recalc-dims=\"1\" \/><\/figure><\/div>\n\n\n\n<div class=\"ostatnip\" style=\"width:70%; text-align:center;\">Dotar\u0142am do miejsca, w kt\u00f3rym czuj\u0119 si\u0119 kompletna, fachowa, profesjonalna, kompetentna. Czy to koniec mojej drogi? Oczywi\u015bcie nie. Mocno wierz\u0119 w nieustaj\u0105cy rozw\u00f3j i samodoskonalenie, ponadto jestem arcyciekawa wszystkiego, co jeszcze przede mn\u0105. Ka\u017cda relacja z drugim cz\u0142owiekiem jest dla mnie podr\u00f3\u017c\u0105, w kt\u00f3rej wzajemnie si\u0119 inspirujemy, wzbogacamy, zdobywamy do\u015bwiadczenie, pokonujemy bariery. Mam wielkie szcz\u0119\u015bcie, \u017ce moja praca jest jednocze\u015bnie moj\u0105 wielk\u0105, nieustaj\u0105c\u0105 pasj\u0105.<\/div>\n\n\n\n<br \/>\n\n\n","protected":false},"excerpt":{"rendered":"<p>Moje pocz\u0105tki W kolejnych latach uczestniczenie w kursach j\u0119zykowych sta\u0142o si\u0119 oczywisto\u015bci\u0105. By\u0142o po prostu wiadomo, \u017ce wraz z rozpocz\u0119ciem roku szkolnego rozpoczyna si\u0119 te\u017c kurs i chyba nigdy w \u017cyciu, nawet w okresie nastoletniego buntu, nie przysz\u0142o mi do g\u0142owy, aby ten stan rzeczy zanegowa\u0107. Niemniej oczywistym i naturalnym &#8230;<\/p>\n","protected":false},"author":1,"featured_media":2231,"parent":0,"menu_order":0,"comment_status":"closed","ping_status":"closed","template":"template-no-sidebar.php","meta":{"loftocean_post_format_gallery":"","loftocean_post_format_gallery_ids":"","loftocean_post_format_gallery_urls":"","loftocean_post_format_video_id":"","loftocean_post_format_video_url":"","loftocean_post_format_video_type":"","loftocean_post_format_video":"","loftocean_post_format_audio_type":"","loftocean_post_format_audio_url":"","loftocean_post_format_audio_id":"","loftocean_post_format_audio":"","loftocean-featured-post":"","loftocean-like-count":0,"loftocean-view-count":0,"loftocean-enable-content-navigation":"","loftocean-content-navigation-position":"","loftocean-content-navigation-heading":"h3","loftocean-content-navigation-label":"","loftocean-content-navigation-icon":"","loftocean-map-location":"","loftocean-map-latlng":"","loftocean-map-auto-latlng":"","eaven_single_post_hide_thumbnail":"","eaven_single_post_template":"","eaven_single_post_sidebar":"","eaven_hide_before_page_content_ad":"","eaven_hide_after_page_content_ad":""},"yoast_head":"<!-- This site is optimized with the Yoast SEO plugin v20.13 - https:\/\/yoast.com\/wordpress\/plugins\/seo\/ -->\n<title>O mnie - Anna Kalkandzis-Gutteridge<\/title>\n<meta name=\"robots\" content=\"index, follow, max-snippet:-1, max-image-preview:large, max-video-preview:-1\" \/>\n<link rel=\"canonical\" href=\"https:\/\/a-k-g.pl\/index.php\/about-me\/\" \/>\n<meta property=\"og:locale\" content=\"pl_PL\" \/>\n<meta property=\"og:type\" content=\"article\" \/>\n<meta property=\"og:title\" content=\"O mnie - Anna Kalkandzis-Gutteridge\" \/>\n<meta property=\"og:description\" content=\"Moje pocz\u0105tki W kolejnych latach uczestniczenie w kursach j\u0119zykowych sta\u0142o si\u0119 oczywisto\u015bci\u0105. By\u0142o po prostu wiadomo, \u017ce wraz z rozpocz\u0119ciem roku szkolnego rozpoczyna si\u0119 te\u017c kurs i chyba nigdy w \u017cyciu, nawet w okresie nastoletniego buntu, nie przysz\u0142o mi do g\u0142owy, aby ten stan rzeczy zanegowa\u0107. Niemniej oczywistym i naturalnym ...\" \/>\n<meta property=\"og:url\" content=\"https:\/\/a-k-g.pl\/index.php\/about-me\/\" \/>\n<meta property=\"og:site_name\" content=\"Anna Kalkandzis-Gutteridge\" \/>\n<meta property=\"article:modified_time\" content=\"2023-05-16T19:14:02+00:00\" \/>\n<meta property=\"og:image\" content=\"https:\/\/a-k-g.pl\/wp-content\/uploads\/2020\/11\/omnie_cut.jpg\" \/>\n\t<meta property=\"og:image:width\" content=\"1920\" \/>\n\t<meta property=\"og:image:height\" content=\"750\" \/>\n\t<meta property=\"og:image:type\" content=\"image\/jpeg\" \/>\n<meta name=\"twitter:card\" content=\"summary_large_image\" \/>\n<meta name=\"twitter:label1\" content=\"Szacowany czas czytania\" \/>\n\t<meta name=\"twitter:data1\" content=\"5 minut\" \/>\n<script type=\"application\/ld+json\" class=\"yoast-schema-graph\">{\"@context\":\"https:\/\/schema.org\",\"@graph\":[{\"@type\":\"WebPage\",\"@id\":\"https:\/\/a-k-g.pl\/index.php\/about-me\/\",\"url\":\"https:\/\/a-k-g.pl\/index.php\/about-me\/\",\"name\":\"O mnie - Anna Kalkandzis-Gutteridge\",\"isPartOf\":{\"@id\":\"https:\/\/a-k-g.pl\/#website\"},\"datePublished\":\"2019-10-06T07:00:52+00:00\",\"dateModified\":\"2023-05-16T19:14:02+00:00\",\"breadcrumb\":{\"@id\":\"https:\/\/a-k-g.pl\/index.php\/about-me\/#breadcrumb\"},\"inLanguage\":\"pl-PL\",\"potentialAction\":[{\"@type\":\"ReadAction\",\"target\":[\"https:\/\/a-k-g.pl\/index.php\/about-me\/\"]}]},{\"@type\":\"BreadcrumbList\",\"@id\":\"https:\/\/a-k-g.pl\/index.php\/about-me\/#breadcrumb\",\"itemListElement\":[{\"@type\":\"ListItem\",\"position\":1,\"name\":\"Home\",\"item\":\"https:\/\/a-k-g.pl\/\"},{\"@type\":\"ListItem\",\"position\":2,\"name\":\"O mnie\"}]},{\"@type\":\"WebSite\",\"@id\":\"https:\/\/a-k-g.pl\/#website\",\"url\":\"https:\/\/a-k-g.pl\/\",\"name\":\"Anna Kalkandzis-Gutteridge\",\"description\":\"Neurolanguage Coach&reg;\",\"publisher\":{\"@id\":\"https:\/\/a-k-g.pl\/#organization\"},\"potentialAction\":[{\"@type\":\"SearchAction\",\"target\":{\"@type\":\"EntryPoint\",\"urlTemplate\":\"https:\/\/a-k-g.pl\/?s={search_term_string}\"},\"query-input\":\"required name=search_term_string\"}],\"inLanguage\":\"pl-PL\"},{\"@type\":\"Organization\",\"@id\":\"https:\/\/a-k-g.pl\/#organization\",\"name\":\"Anna Kalkandzis-Gutteridge\",\"url\":\"https:\/\/a-k-g.pl\/\",\"logo\":{\"@type\":\"ImageObject\",\"inLanguage\":\"pl-PL\",\"@id\":\"https:\/\/a-k-g.pl\/#\/schema\/logo\/image\/\",\"url\":\"https:\/\/i0.wp.com\/a-k-g.pl\/wp-content\/uploads\/2020\/09\/AKG-gold_logotype-www_neurolanguage.png?fit=1870%2C365&ssl=1\",\"contentUrl\":\"https:\/\/i0.wp.com\/a-k-g.pl\/wp-content\/uploads\/2020\/09\/AKG-gold_logotype-www_neurolanguage.png?fit=1870%2C365&ssl=1\",\"width\":1870,\"height\":365,\"caption\":\"Anna Kalkandzis-Gutteridge\"},\"image\":{\"@id\":\"https:\/\/a-k-g.pl\/#\/schema\/logo\/image\/\"}}]}<\/script>\n<!-- \/ Yoast SEO plugin. -->","yoast_head_json":{"title":"O mnie - Anna Kalkandzis-Gutteridge","robots":{"index":"index","follow":"follow","max-snippet":"max-snippet:-1","max-image-preview":"max-image-preview:large","max-video-preview":"max-video-preview:-1"},"canonical":"https:\/\/a-k-g.pl\/index.php\/about-me\/","og_locale":"pl_PL","og_type":"article","og_title":"O mnie - Anna Kalkandzis-Gutteridge","og_description":"Moje pocz\u0105tki W kolejnych latach uczestniczenie w kursach j\u0119zykowych sta\u0142o si\u0119 oczywisto\u015bci\u0105. By\u0142o po prostu wiadomo, \u017ce wraz z rozpocz\u0119ciem roku szkolnego rozpoczyna si\u0119 te\u017c kurs i chyba nigdy w \u017cyciu, nawet w okresie nastoletniego buntu, nie przysz\u0142o mi do g\u0142owy, aby ten stan rzeczy zanegowa\u0107. Niemniej oczywistym i naturalnym ...","og_url":"https:\/\/a-k-g.pl\/index.php\/about-me\/","og_site_name":"Anna Kalkandzis-Gutteridge","article_modified_time":"2023-05-16T19:14:02+00:00","og_image":[{"width":1920,"height":750,"url":"https:\/\/a-k-g.pl\/wp-content\/uploads\/2020\/11\/omnie_cut.jpg","type":"image\/jpeg"}],"twitter_card":"summary_large_image","twitter_misc":{"Szacowany czas czytania":"5 minut"},"schema":{"@context":"https:\/\/schema.org","@graph":[{"@type":"WebPage","@id":"https:\/\/a-k-g.pl\/index.php\/about-me\/","url":"https:\/\/a-k-g.pl\/index.php\/about-me\/","name":"O mnie - Anna Kalkandzis-Gutteridge","isPartOf":{"@id":"https:\/\/a-k-g.pl\/#website"},"datePublished":"2019-10-06T07:00:52+00:00","dateModified":"2023-05-16T19:14:02+00:00","breadcrumb":{"@id":"https:\/\/a-k-g.pl\/index.php\/about-me\/#breadcrumb"},"inLanguage":"pl-PL","potentialAction":[{"@type":"ReadAction","target":["https:\/\/a-k-g.pl\/index.php\/about-me\/"]}]},{"@type":"BreadcrumbList","@id":"https:\/\/a-k-g.pl\/index.php\/about-me\/#breadcrumb","itemListElement":[{"@type":"ListItem","position":1,"name":"Home","item":"https:\/\/a-k-g.pl\/"},{"@type":"ListItem","position":2,"name":"O mnie"}]},{"@type":"WebSite","@id":"https:\/\/a-k-g.pl\/#website","url":"https:\/\/a-k-g.pl\/","name":"Anna Kalkandzis-Gutteridge","description":"Neurolanguage Coach&reg;","publisher":{"@id":"https:\/\/a-k-g.pl\/#organization"},"potentialAction":[{"@type":"SearchAction","target":{"@type":"EntryPoint","urlTemplate":"https:\/\/a-k-g.pl\/?s={search_term_string}"},"query-input":"required name=search_term_string"}],"inLanguage":"pl-PL"},{"@type":"Organization","@id":"https:\/\/a-k-g.pl\/#organization","name":"Anna Kalkandzis-Gutteridge","url":"https:\/\/a-k-g.pl\/","logo":{"@type":"ImageObject","inLanguage":"pl-PL","@id":"https:\/\/a-k-g.pl\/#\/schema\/logo\/image\/","url":"https:\/\/i0.wp.com\/a-k-g.pl\/wp-content\/uploads\/2020\/09\/AKG-gold_logotype-www_neurolanguage.png?fit=1870%2C365&ssl=1","contentUrl":"https:\/\/i0.wp.com\/a-k-g.pl\/wp-content\/uploads\/2020\/09\/AKG-gold_logotype-www_neurolanguage.png?fit=1870%2C365&ssl=1","width":1870,"height":365,"caption":"Anna Kalkandzis-Gutteridge"},"image":{"@id":"https:\/\/a-k-g.pl\/#\/schema\/logo\/image\/"}}]}},"_links":{"self":[{"href":"https:\/\/a-k-g.pl\/index.php\/wp-json\/wp\/v2\/pages\/1192"}],"collection":[{"href":"https:\/\/a-k-g.pl\/index.php\/wp-json\/wp\/v2\/pages"}],"about":[{"href":"https:\/\/a-k-g.pl\/index.php\/wp-json\/wp\/v2\/types\/page"}],"author":[{"embeddable":true,"href":"https:\/\/a-k-g.pl\/index.php\/wp-json\/wp\/v2\/users\/1"}],"replies":[{"embeddable":true,"href":"https:\/\/a-k-g.pl\/index.php\/wp-json\/wp\/v2\/comments?post=1192"}],"version-history":[{"count":59,"href":"https:\/\/a-k-g.pl\/index.php\/wp-json\/wp\/v2\/pages\/1192\/revisions"}],"predecessor-version":[{"id":2457,"href":"https:\/\/a-k-g.pl\/index.php\/wp-json\/wp\/v2\/pages\/1192\/revisions\/2457"}],"wp:featuredmedia":[{"embeddable":true,"href":"https:\/\/a-k-g.pl\/index.php\/wp-json\/wp\/v2\/media\/2231"}],"wp:attachment":[{"href":"https:\/\/a-k-g.pl\/index.php\/wp-json\/wp\/v2\/media?parent=1192"}],"curies":[{"name":"wp","href":"https:\/\/api.w.org\/{rel}","templated":true}]}}